{"id":2939,"date":"2026-03-03T10:39:51","date_gmt":"2026-03-03T10:39:51","guid":{"rendered":"https:\/\/erzengelmg.r2ait.in\/?page_id=2939"},"modified":"2026-03-15T11:34:59","modified_gmt":"2026-03-15T11:34:59","slug":"schlafzimmer","status":"publish","type":"page","link":"https:\/\/weibelmoebel-preview.ch\/de\/schlafzimmer\/","title":{"rendered":"Schlafzimmer"},"content":{"rendered":"\t\t<div data-elementor-type=\"wp-page\" data-elementor-id=\"2939\" class=\"elementor elementor-2939\" data-elementor-post-type=\"page\">\n\t\t\t\t<div class=\"elementor-element elementor-element-d502e13 e-flex e-con-boxed e-con e-parent\" data-id=\"d502e13\" data-element_type=\"container\" data-e-type=\"container\" data-settings=\"{&quot;background_background&quot;:&quot;classic&quot;}\">\n\t\t\t\t\t<div class=\"e-con-inner\">\n\t\t<div class=\"elementor-element elementor-element-facf7df e-con-full e-flex e-con e-child\" data-id=\"facf7df\" data-element_type=\"container\" data-e-type=\"container\">\n\t\t\t\t<div class=\"elementor-element elementor-element-2a0ffdd elementor-widget elementor-widget-heading\" data-id=\"2a0ffdd\" data-element_type=\"widget\" data-e-type=\"widget\" data-widget_type=\"heading.default\">\n\t\t\t\t\t<h2 class=\"elementor-heading-title elementor-size-default\">Schlafzimmer<\/h2>\t\t\t\t<\/div>\n\t\t\t\t<\/div>\n\t\t\t\t\t<\/div>\n\t\t\t\t<\/div>\n\t\t<div class=\"elementor-element elementor-element-62fd8d6 e-flex e-con-boxed e-con e-parent\" data-id=\"62fd8d6\" data-element_type=\"container\" data-e-type=\"container\" data-settings=\"{&quot;background_background&quot;:&quot;classic&quot;}\">\n\t\t\t\t\t<div class=\"e-con-inner\">\n\t\t\t\t<div class=\"elementor-element elementor-element-74c46e7 elementor-widget elementor-widget-text-editor\" data-id=\"74c46e7\" data-element_type=\"widget\" data-e-type=\"widget\" data-widget_type=\"text-editor.default\">\n\t\t\t\t\t\t\t\t\t<p class=\"text-foreground\/70 leading-relaxed mb-4\">Ihr Schlafzimmer sollte ein Ort der Ruhe und Erholung sein. Wir bieten Ihnen hochwertige Betten, Kleiderschr\u00e4nke und Nachttische aus edelsten Naturmaterialien. Jedes einzelne St\u00fcck wurde entworfen, um Ihrem pers\u00f6nlichen R\u00fcckzugsort Ruhe und Eleganz zu verleihen.<\/p>\t\t\t\t\t\t\t\t<\/div>\n\t\t\t\t\t<\/div>\n\t\t\t\t<\/div>\n\t\t<div class=\"elementor-element elementor-element-7abff7b e-flex e-con-boxed e-con e-parent\" data-id=\"7abff7b\" data-element_type=\"container\" data-e-type=\"container\" data-settings=\"{&quot;background_background&quot;:&quot;classic&quot;}\">\n\t\t\t\t\t<div class=\"e-con-inner\">\n\t\t\t\t<div class=\"elementor-element elementor-element-5526d66 elementor-widget elementor-widget-heading\" data-id=\"5526d66\" data-element_type=\"widget\" data-e-type=\"widget\" data-widget_type=\"heading.default\">\n\t\t\t\t\t<h2 class=\"elementor-heading-title elementor-size-default\">Schlafzimmer erkunden<\/h2>\t\t\t\t<\/div>\n\t\t<div class=\"elementor-element elementor-element-fa906a3 e-con-full e-flex e-con e-child\" data-id=\"fa906a3\" data-element_type=\"container\" data-e-type=\"container\">\n\t\t<div class=\"elementor-element elementor-element-9462bdd e-grid e-con-full e-con e-child\" data-id=\"9462bdd\" data-element_type=\"container\" data-e-type=\"container\">\n\t\t<div class=\"elementor-element elementor-element-0b4ba93 e-con-full e-flex e-con e-child\" data-id=\"0b4ba93\" data-element_type=\"container\" data-e-type=\"container\">\n\t\t\t\t<div class=\"elementor-element elementor-element-25258e9 elementor-widget elementor-widget-image\" data-id=\"25258e9\" data-element_type=\"widget\" data-e-type=\"widget\" data-widget_type=\"image.default\">\n\t\t\t\t\t\t\t\t\t\t\t\t\t\t\t\t<a href=\"https:\/\/weibelmoebel-preview.ch\/de\/sofas\/\">\n\t\t\t\t\t\t\t<img fetchpriority=\"high\" decoding=\"async\" width=\"800\" height=\"800\" src=\"https:\/\/weibelmoebel-preview.ch\/wp-content\/uploads\/2026\/03\/tile-living-w0JO8-hL.jpg\" class=\"attachment-full size-full wp-image-3018\" alt=\"\" srcset=\"https:\/\/weibelmoebel-preview.ch\/wp-content\/uploads\/2026\/03\/tile-living-w0JO8-hL.jpg 800w, https:\/\/weibelmoebel-preview.ch\/wp-content\/uploads\/2026\/03\/tile-living-w0JO8-hL-300x300.jpg 300w, https:\/\/weibelmoebel-preview.ch\/wp-content\/uploads\/2026\/03\/tile-living-w0JO8-hL-150x150.jpg 150w, https:\/\/weibelmoebel-preview.ch\/wp-content\/uploads\/2026\/03\/tile-living-w0JO8-hL-768x768.jpg 768w, https:\/\/weibelmoebel-preview.ch\/wp-content\/uploads\/2026\/03\/tile-living-w0JO8-hL-12x12.jpg 12w, https:\/\/weibelmoebel-preview.ch\/wp-content\/uploads\/2026\/03\/tile-living-w0JO8-hL-600x600.jpg 600w, https:\/\/weibelmoebel-preview.ch\/wp-content\/uploads\/2026\/03\/tile-living-w0JO8-hL-100x100.jpg 100w, https:\/\/weibelmoebel-preview.ch\/wp-content\/uploads\/2026\/03\/tile-living-w0JO8-hL-64x64.jpg 64w\" sizes=\"(max-width: 800px) 100vw, 800px\" \/>\t\t\t\t\t\t\t\t<\/a>\n\t\t\t\t\t\t\t\t\t\t\t\t\t\t\t<\/div>\n\t\t\t\t<div class=\"elementor-element elementor-element-c8b8bca elementor-widget elementor-widget-heading\" data-id=\"c8b8bca\" data-element_type=\"widget\" data-e-type=\"widget\" data-widget_type=\"heading.default\">\n\t\t\t\t\t<h2 class=\"elementor-heading-title elementor-size-default\"><a href=\"https:\/\/weibelmoebel-preview.ch\/de\/sofas\/\">Sofas<\/a><\/h2>\t\t\t\t<\/div>\n\t\t\t\t<\/div>\n\t\t<div class=\"elementor-element elementor-element-1ee860e e-con-full e-flex e-con e-child\" data-id=\"1ee860e\" data-element_type=\"container\" data-e-type=\"container\">\n\t\t\t\t<div class=\"elementor-element elementor-element-5883860 elementor-widget elementor-widget-image\" data-id=\"5883860\" data-element_type=\"widget\" data-e-type=\"widget\" data-widget_type=\"image.default\">\n\t\t\t\t\t\t\t\t\t\t\t\t\t\t\t\t<a href=\"https:\/\/weibelmoebel-preview.ch\/de\/sessel\/\">\n\t\t\t\t\t\t\t<img decoding=\"async\" width=\"800\" height=\"800\" src=\"https:\/\/weibelmoebel-preview.ch\/wp-content\/uploads\/2026\/03\/tile-dining-sS5wmAZl.jpg\" class=\"attachment-full size-full wp-image-3019\" alt=\"\" srcset=\"https:\/\/weibelmoebel-preview.ch\/wp-content\/uploads\/2026\/03\/tile-dining-sS5wmAZl.jpg 800w, https:\/\/weibelmoebel-preview.ch\/wp-content\/uploads\/2026\/03\/tile-dining-sS5wmAZl-300x300.jpg 300w, https:\/\/weibelmoebel-preview.ch\/wp-content\/uploads\/2026\/03\/tile-dining-sS5wmAZl-150x150.jpg 150w, https:\/\/weibelmoebel-preview.ch\/wp-content\/uploads\/2026\/03\/tile-dining-sS5wmAZl-768x768.jpg 768w, https:\/\/weibelmoebel-preview.ch\/wp-content\/uploads\/2026\/03\/tile-dining-sS5wmAZl-12x12.jpg 12w, https:\/\/weibelmoebel-preview.ch\/wp-content\/uploads\/2026\/03\/tile-dining-sS5wmAZl-600x600.jpg 600w, https:\/\/weibelmoebel-preview.ch\/wp-content\/uploads\/2026\/03\/tile-dining-sS5wmAZl-100x100.jpg 100w, https:\/\/weibelmoebel-preview.ch\/wp-content\/uploads\/2026\/03\/tile-dining-sS5wmAZl-64x64.jpg 64w\" sizes=\"(max-width: 800px) 100vw, 800px\" \/>\t\t\t\t\t\t\t\t<\/a>\n\t\t\t\t\t\t\t\t\t\t\t\t\t\t\t<\/div>\n\t\t\t\t<div class=\"elementor-element elementor-element-286bbde elementor-widget elementor-widget-heading\" data-id=\"286bbde\" data-element_type=\"widget\" data-e-type=\"widget\" data-widget_type=\"heading.default\">\n\t\t\t\t\t<h2 class=\"elementor-heading-title elementor-size-default\"><a href=\"https:\/\/weibelmoebel-preview.ch\/de\/sessel\/\">Sessel<\/a><\/h2>\t\t\t\t<\/div>\n\t\t\t\t<\/div>\n\t\t<div class=\"elementor-element elementor-element-e45a43d e-con-full e-flex e-con e-child\" data-id=\"e45a43d\" data-element_type=\"container\" data-e-type=\"container\">\n\t\t\t\t<div class=\"elementor-element elementor-element-b7db1ff elementor-widget elementor-widget-image\" data-id=\"b7db1ff\" data-element_type=\"widget\" data-e-type=\"widget\" data-widget_type=\"image.default\">\n\t\t\t\t\t\t\t\t\t\t\t\t\t\t\t\t<a href=\"https:\/\/weibelmoebel-preview.ch\/de\/sideboards\/\">\n\t\t\t\t\t\t\t<img decoding=\"async\" width=\"894\" height=\"895\" src=\"https:\/\/weibelmoebel-preview.ch\/wp-content\/uploads\/2026\/03\/715ZMNyI-9L._AC_UF8941000_QL80_.jpg\" class=\"attachment-full size-full wp-image-4523\" alt=\"\" srcset=\"https:\/\/weibelmoebel-preview.ch\/wp-content\/uploads\/2026\/03\/715ZMNyI-9L._AC_UF8941000_QL80_.jpg 894w, https:\/\/weibelmoebel-preview.ch\/wp-content\/uploads\/2026\/03\/715ZMNyI-9L._AC_UF8941000_QL80_-300x300.jpg 300w, https:\/\/weibelmoebel-preview.ch\/wp-content\/uploads\/2026\/03\/715ZMNyI-9L._AC_UF8941000_QL80_-150x150.jpg 150w, https:\/\/weibelmoebel-preview.ch\/wp-content\/uploads\/2026\/03\/715ZMNyI-9L._AC_UF8941000_QL80_-768x769.jpg 768w, https:\/\/weibelmoebel-preview.ch\/wp-content\/uploads\/2026\/03\/715ZMNyI-9L._AC_UF8941000_QL80_-12x12.jpg 12w, https:\/\/weibelmoebel-preview.ch\/wp-content\/uploads\/2026\/03\/715ZMNyI-9L._AC_UF8941000_QL80_-600x601.jpg 600w, https:\/\/weibelmoebel-preview.ch\/wp-content\/uploads\/2026\/03\/715ZMNyI-9L._AC_UF8941000_QL80_-100x100.jpg 100w, https:\/\/weibelmoebel-preview.ch\/wp-content\/uploads\/2026\/03\/715ZMNyI-9L._AC_UF8941000_QL80_-64x64.jpg 64w\" sizes=\"(max-width: 894px) 100vw, 894px\" \/>\t\t\t\t\t\t\t\t<\/a>\n\t\t\t\t\t\t\t\t\t\t\t\t\t\t\t<\/div>\n\t\t\t\t<div class=\"elementor-element elementor-element-3fae5b4 elementor-widget elementor-widget-heading\" data-id=\"3fae5b4\" data-element_type=\"widget\" data-e-type=\"widget\" data-widget_type=\"heading.default\">\n\t\t\t\t\t<h2 class=\"elementor-heading-title elementor-size-default\"><a href=\"https:\/\/weibelmoebel-preview.ch\/de\/sideboards\/\">Sideboards<\/a><\/h2>\t\t\t\t<\/div>\n\t\t\t\t<\/div>\n\t\t<div class=\"elementor-element elementor-element-39026d9 e-con-full e-flex e-con e-child\" data-id=\"39026d9\" data-element_type=\"container\" data-e-type=\"container\">\n\t\t\t\t<div class=\"elementor-element elementor-element-d3dcfbc elementor-widget elementor-widget-image\" data-id=\"d3dcfbc\" data-element_type=\"widget\" data-e-type=\"widget\" data-widget_type=\"image.default\">\n\t\t\t\t\t\t\t\t\t\t\t\t\t\t\t\t<a href=\"https:\/\/weibelmoebel-preview.ch\/de\/couchtische\/\">\n\t\t\t\t\t\t\t<img loading=\"lazy\" decoding=\"async\" width=\"800\" height=\"800\" src=\"https:\/\/weibelmoebel-preview.ch\/wp-content\/uploads\/2026\/03\/tile-outdoor-DpWaTegz.jpg\" class=\"attachment-full size-full wp-image-3022\" alt=\"\" srcset=\"https:\/\/weibelmoebel-preview.ch\/wp-content\/uploads\/2026\/03\/tile-outdoor-DpWaTegz.jpg 800w, https:\/\/weibelmoebel-preview.ch\/wp-content\/uploads\/2026\/03\/tile-outdoor-DpWaTegz-300x300.jpg 300w, https:\/\/weibelmoebel-preview.ch\/wp-content\/uploads\/2026\/03\/tile-outdoor-DpWaTegz-150x150.jpg 150w, https:\/\/weibelmoebel-preview.ch\/wp-content\/uploads\/2026\/03\/tile-outdoor-DpWaTegz-768x768.jpg 768w, https:\/\/weibelmoebel-preview.ch\/wp-content\/uploads\/2026\/03\/tile-outdoor-DpWaTegz-12x12.jpg 12w, https:\/\/weibelmoebel-preview.ch\/wp-content\/uploads\/2026\/03\/tile-outdoor-DpWaTegz-600x600.jpg 600w, https:\/\/weibelmoebel-preview.ch\/wp-content\/uploads\/2026\/03\/tile-outdoor-DpWaTegz-100x100.jpg 100w, https:\/\/weibelmoebel-preview.ch\/wp-content\/uploads\/2026\/03\/tile-outdoor-DpWaTegz-64x64.jpg 64w\" sizes=\"(max-width: 800px) 100vw, 800px\" \/>\t\t\t\t\t\t\t\t<\/a>\n\t\t\t\t\t\t\t\t\t\t\t\t\t\t\t<\/div>\n\t\t\t\t<div class=\"elementor-element elementor-element-7419a3a elementor-widget elementor-widget-heading\" data-id=\"7419a3a\" data-element_type=\"widget\" data-e-type=\"widget\" data-widget_type=\"heading.default\">\n\t\t\t\t\t<h2 class=\"elementor-heading-title elementor-size-default\"><a href=\"https:\/\/weibelmoebel-preview.ch\/de\/couchtische\/\">Couchtische<\/a><\/h2>\t\t\t\t<\/div>\n\t\t\t\t<\/div>\n\t\t\t\t<\/div>\n\t\t\t\t<\/div>\n\t\t\t\t\t<\/div>\n\t\t\t\t<\/div>\n\t\t\t\t<\/div>\n\t\t","protected":false},"excerpt":{"rendered":"<p>Schlafzimmer Ihr Schlafzimmer sollte ein Ort der Ruhe und Erholung sein. Wir bieten Ihnen hochwertige Betten, Kleiderschr\u00e4nke und Nachttische aus [&hellip;]<\/p>\n","protected":false},"author":3,"featured_media":0,"parent":0,"menu_order":0,"comment_status":"closed","ping_status":"closed","template":"elementor_header_footer","meta":{"_acf_changed":false,"site-sidebar-layout":"no-sidebar","site-content-layout":"","ast-site-content-layout":"full-width-container","site-content-style":"default","site-sidebar-style":"default","ast-global-header-display":"","ast-banner-title-visibility":"","ast-main-header-display":"","ast-hfb-above-header-display":"","ast-hfb-below-header-display":"","ast-hfb-mobile-header-display":"","site-post-title":"","ast-breadcrumbs-content":"","ast-featured-img":"disabled","footer-sml-layout":"","ast-disable-related-posts":"","theme-transparent-header-meta":"default","adv-header-id-meta":"","stick-header-meta":"","header-above-stick-meta":"","header-main-stick-meta":"","header-below-stick-meta":"","astra-migrate-meta-layouts":"set","ast-page-background-enabled":"default","ast-page-background-meta":{"desktop":{"background-color":"var(--ast-global-color-5)","background-image":"","background-repeat":"repeat","background-position":"center center","background-size":"auto","background-attachment":"scroll","background-type":"","background-media":"","overlay-type":"","overlay-color":"","overlay-opacity":"","overlay-gradient":""},"tablet":{"background-color":"","background-image":"","background-repeat":"repeat","background-position":"center center","background-size":"auto","background-attachment":"scroll","background-type":"","background-media":"","overlay-type":"","overlay-color":"","overlay-opacity":"","overlay-gradient":""},"mobile":{"background-color":"","background-image":"","background-repeat":"repeat","background-position":"center center","background-size":"auto","background-attachment":"scroll","background-type":"","background-media":"","overlay-type":"","overlay-color":"","overlay-opacity":"","overlay-gradient":""}},"ast-content-background-meta":{"desktop":{"background-color":"var(--ast-global-color-4)","background-image":"","background-repeat":"repeat","background-position":"center center","background-size":"auto","background-attachment":"scroll","background-type":"","background-media":"","overlay-type":"","overlay-color":"","overlay-opacity":"","overlay-gradient":""},"tablet":{"background-color":"var(--ast-global-color-4)","background-image":"","background-repeat":"repeat","background-position":"center center","background-size":"auto","background-attachment":"scroll","background-type":"","background-media":"","overlay-type":"","overlay-color":"","overlay-opacity":"","overlay-gradient":""},"mobile":{"background-color":"var(--ast-global-color-4)","background-image":"","background-repeat":"repeat","background-position":"center center","background-size":"auto","background-attachment":"scroll","background-type":"","background-media":"","overlay-type":"","overlay-color":"","overlay-opacity":"","overlay-gradient":""}},"footnotes":""},"class_list":["post-2939","page","type-page","status-publish","hentry"],"acf":[],"_links":{"self":[{"href":"https:\/\/weibelmoebel-preview.ch\/de\/wp-json\/wp\/v2\/pages\/2939","targetHints":{"allow":["GET"]}}],"collection":[{"href":"https:\/\/weibelmoebel-preview.ch\/de\/wp-json\/wp\/v2\/pages"}],"about":[{"href":"https:\/\/weibelmoebel-preview.ch\/de\/wp-json\/wp\/v2\/types\/page"}],"author":[{"embeddable":true,"href":"https:\/\/weibelmoebel-preview.ch\/de\/wp-json\/wp\/v2\/users\/3"}],"replies":[{"embeddable":true,"href":"https:\/\/weibelmoebel-preview.ch\/de\/wp-json\/wp\/v2\/comments?post=2939"}],"version-history":[{"count":31,"href":"https:\/\/weibelmoebel-preview.ch\/de\/wp-json\/wp\/v2\/pages\/2939\/revisions"}],"predecessor-version":[{"id":5746,"href":"https:\/\/weibelmoebel-preview.ch\/de\/wp-json\/wp\/v2\/pages\/2939\/revisions\/5746"}],"wp:attachment":[{"href":"https:\/\/weibelmoebel-preview.ch\/de\/wp-json\/wp\/v2\/media?parent=2939"}],"curies":[{"name":"wp","href":"https:\/\/api.w.org\/{rel}","templated":true}]}}