{"id":5680,"date":"2026-03-15T10:50:25","date_gmt":"2026-03-15T10:50:25","guid":{"rendered":"https:\/\/newerzengelmg.r2ait.in\/?page_id=5680"},"modified":"2026-03-18T02:44:40","modified_gmt":"2026-03-18T02:44:40","slug":"sofas","status":"publish","type":"page","link":"https:\/\/weibelmoebel-preview.ch\/de\/sofas\/","title":{"rendered":"Sofas"},"content":{"rendered":"\t\t<div data-elementor-type=\"wp-page\" data-elementor-id=\"5680\" class=\"elementor elementor-5680\" data-elementor-post-type=\"page\">\n\t\t\t\t<div class=\"elementor-element elementor-element-b4d5ef7 e-flex e-con-boxed e-con e-parent\" data-id=\"b4d5ef7\" data-element_type=\"container\" data-e-type=\"container\" data-settings=\"{&quot;background_background&quot;:&quot;classic&quot;}\">\n\t\t\t\t\t<div class=\"e-con-inner\">\n\t\t<div class=\"elementor-element elementor-element-13a819c e-con-full e-flex e-con e-child\" data-id=\"13a819c\" data-element_type=\"container\" data-e-type=\"container\">\n\t\t\t\t<div class=\"elementor-element elementor-element-741c6e2 elementor-widget elementor-widget-heading\" data-id=\"741c6e2\" data-element_type=\"widget\" data-e-type=\"widget\" data-widget_type=\"heading.default\">\n\t\t\t\t\t<h2 class=\"elementor-heading-title elementor-size-default\">Sofas<\/h2>\t\t\t\t<\/div>\n\t\t\t\t<\/div>\n\t\t\t\t\t<\/div>\n\t\t\t\t<\/div>\n\t\t<div class=\"elementor-element elementor-element-8a045b5 e-flex e-con-boxed e-con e-parent\" data-id=\"8a045b5\" data-element_type=\"container\" data-e-type=\"container\" data-settings=\"{&quot;background_background&quot;:&quot;classic&quot;}\">\n\t\t\t\t\t<div class=\"e-con-inner\">\n\t\t\t\t<div class=\"elementor-element elementor-element-87c0a6c elementor-widget elementor-widget-text-editor\" data-id=\"87c0a6c\" data-element_type=\"widget\" data-e-type=\"widget\" data-widget_type=\"text-editor.default\">\n\t\t\t\t\t\t\t\t\t<p>Ein Sofa ist das Herzst\u00fcck jedes Wohnraums und vereint Komfort mit zeitlosem Design. Unsere sorgf\u00e4ltig ausgew\u00e4hlte Kollektion umfasst Premium-Sofas renommierter europ\u00e4ischer Hersteller. Jedes St\u00fcck wird aus hochwertigen Materialien und mit au\u00dfergew\u00f6hnlicher Liebe zum Detail gefertigt. Entdecken Sie Sofas, die Eleganz, Komfort und dauerhafte Qualit\u00e4t in Ihr Zuhause bringen.<\/p>\t\t\t\t\t\t\t\t<\/div>\n\t\t\t\t\t<\/div>\n\t\t\t\t<\/div>\n\t\t<div class=\"elementor-element elementor-element-1fcd331 e-flex e-con-boxed e-con e-parent\" data-id=\"1fcd331\" data-element_type=\"container\" data-e-type=\"container\" data-settings=\"{&quot;background_background&quot;:&quot;classic&quot;}\">\n\t\t\t\t\t<div class=\"e-con-inner\">\n\t\t\t\t<div class=\"elementor-element elementor-element-ed2932c elementor-widget elementor-widget-heading\" data-id=\"ed2932c\" data-element_type=\"widget\" data-e-type=\"widget\" data-widget_type=\"heading.default\">\n\t\t\t\t\t<h2 class=\"elementor-heading-title elementor-size-default\">Sofas entdecken<\/h2>\t\t\t\t<\/div>\n\t\t\t\t<div class=\"elementor-element elementor-element-8b01550 elementor-widget elementor-widget-text-editor\" data-id=\"8b01550\" data-element_type=\"widget\" data-e-type=\"widget\" data-widget_type=\"text-editor.default\">\n\t\t\t\t\t\t\t\t\t<h4 data-start=\"721\" data-end=\"742\"><span dir=\"auto\">Sofakollektion<\/span><\/h4><p data-start=\"743\" data-end=\"1058\"><span dir=\"auto\">Unsere Sofakollektion bietet eine gro\u00dfe Auswahl an Stilen, von modernem Minimalismus bis hin zu eleganten Klassikern. <\/span><span dir=\"auto\">Jedes Sofa wurde sorgf\u00e4ltig nach Komfort, Langlebigkeit und ansprechender \u00c4sthetik ausgew\u00e4hlt. <\/span><br data-start=\"924\" data-end=\"927\" \/><span dir=\"auto\">Ob Sie ein gem\u00fctliches Wohnzimmer oder ein stilvolles Interieur gestalten m\u00f6chten \u2013 bei uns <\/span><span dir=\"auto\">finden Sie das perfekte Sofa f\u00fcr Ihr Zuhause.<\/span><\/p>\t\t\t\t\t\t\t\t<\/div>\n\t\t\t\t\t<\/div>\n\t\t\t\t<\/div>\n\t\t<div class=\"elementor-element elementor-element-93ec628 e-flex e-con-boxed e-con e-parent\" data-id=\"93ec628\" data-element_type=\"container\" data-e-type=\"container\" data-settings=\"{&quot;background_background&quot;:&quot;classic&quot;}\">\n\t\t\t\t\t<div class=\"e-con-inner\">\n\t\t<div class=\"elementor-element elementor-element-1109885 e-grid e-con-full e-con e-child\" data-id=\"1109885\" data-element_type=\"container\" data-e-type=\"container\">\n\t\t<div class=\"elementor-element elementor-element-a0bb06f e-con-full e-flex e-con e-child\" data-id=\"a0bb06f\" data-element_type=\"container\" data-e-type=\"container\">\n\t\t\t\t<div class=\"elementor-element elementor-element-fea2b72 elementor-widget elementor-widget-image\" data-id=\"fea2b72\" data-element_type=\"widget\" data-e-type=\"widget\" data-widget_type=\"image.default\">\n\t\t\t\t\t\t\t\t\t\t\t\t\t\t\t<img fetchpriority=\"high\" decoding=\"async\" width=\"800\" height=\"800\" src=\"https:\/\/weibelmoebel-preview.ch\/wp-content\/uploads\/2026\/03\/tile-living-w0JO8-hL.jpg\" class=\"attachment-full size-full wp-image-3018\" alt=\"\" srcset=\"https:\/\/weibelmoebel-preview.ch\/wp-content\/uploads\/2026\/03\/tile-living-w0JO8-hL.jpg 800w, https:\/\/weibelmoebel-preview.ch\/wp-content\/uploads\/2026\/03\/tile-living-w0JO8-hL-300x300.jpg 300w, https:\/\/weibelmoebel-preview.ch\/wp-content\/uploads\/2026\/03\/tile-living-w0JO8-hL-150x150.jpg 150w, https:\/\/weibelmoebel-preview.ch\/wp-content\/uploads\/2026\/03\/tile-living-w0JO8-hL-768x768.jpg 768w, https:\/\/weibelmoebel-preview.ch\/wp-content\/uploads\/2026\/03\/tile-living-w0JO8-hL-12x12.jpg 12w, https:\/\/weibelmoebel-preview.ch\/wp-content\/uploads\/2026\/03\/tile-living-w0JO8-hL-600x600.jpg 600w, https:\/\/weibelmoebel-preview.ch\/wp-content\/uploads\/2026\/03\/tile-living-w0JO8-hL-100x100.jpg 100w, https:\/\/weibelmoebel-preview.ch\/wp-content\/uploads\/2026\/03\/tile-living-w0JO8-hL-64x64.jpg 64w\" sizes=\"(max-width: 800px) 100vw, 800px\" \/>\t\t\t\t\t\t\t\t\t\t\t\t\t\t\t<\/div>\n\t\t\t\t<\/div>\n\t\t<div class=\"elementor-element elementor-element-47c220f e-con-full e-flex e-con e-child\" data-id=\"47c220f\" data-element_type=\"container\" data-e-type=\"container\">\n\t\t\t\t<div class=\"elementor-element elementor-element-2a81dcb elementor-widget elementor-widget-image\" data-id=\"2a81dcb\" data-element_type=\"widget\" data-e-type=\"widget\" data-widget_type=\"image.default\">\n\t\t\t\t\t\t\t\t\t\t\t\t\t\t\t<img decoding=\"async\" width=\"344\" height=\"340\" src=\"https:\/\/weibelmoebel-preview.ch\/wp-content\/uploads\/2026\/03\/Untitled-design-12.png\" class=\"attachment-full size-full wp-image-3712\" alt=\"\" srcset=\"https:\/\/weibelmoebel-preview.ch\/wp-content\/uploads\/2026\/03\/Untitled-design-12.png 344w, https:\/\/weibelmoebel-preview.ch\/wp-content\/uploads\/2026\/03\/Untitled-design-12-300x297.png 300w, https:\/\/weibelmoebel-preview.ch\/wp-content\/uploads\/2026\/03\/Untitled-design-12-12x12.png 12w, https:\/\/weibelmoebel-preview.ch\/wp-content\/uploads\/2026\/03\/Untitled-design-12-100x100.png 100w, https:\/\/weibelmoebel-preview.ch\/wp-content\/uploads\/2026\/03\/Untitled-design-12-64x63.png 64w\" sizes=\"(max-width: 344px) 100vw, 344px\" \/>\t\t\t\t\t\t\t\t\t\t\t\t\t\t\t<\/div>\n\t\t\t\t<\/div>\n\t\t<div class=\"elementor-element elementor-element-edc762d e-con-full e-flex e-con e-child\" data-id=\"edc762d\" data-element_type=\"container\" data-e-type=\"container\">\n\t\t\t\t<div class=\"elementor-element elementor-element-58a23b1 elementor-widget elementor-widget-image\" data-id=\"58a23b1\" data-element_type=\"widget\" data-e-type=\"widget\" data-widget_type=\"image.default\">\n\t\t\t\t\t\t\t\t\t\t\t\t\t\t\t<img decoding=\"async\" width=\"1024\" height=\"1024\" src=\"https:\/\/weibelmoebel-preview.ch\/wp-content\/uploads\/2026\/03\/tile-living-Du-86-Fx.jpg\" class=\"attachment-full size-full wp-image-3181\" alt=\"\" srcset=\"https:\/\/weibelmoebel-preview.ch\/wp-content\/uploads\/2026\/03\/tile-living-Du-86-Fx.jpg 1024w, https:\/\/weibelmoebel-preview.ch\/wp-content\/uploads\/2026\/03\/tile-living-Du-86-Fx-300x300.jpg 300w, https:\/\/weibelmoebel-preview.ch\/wp-content\/uploads\/2026\/03\/tile-living-Du-86-Fx-150x150.jpg 150w, https:\/\/weibelmoebel-preview.ch\/wp-content\/uploads\/2026\/03\/tile-living-Du-86-Fx-768x768.jpg 768w, https:\/\/weibelmoebel-preview.ch\/wp-content\/uploads\/2026\/03\/tile-living-Du-86-Fx-12x12.jpg 12w, https:\/\/weibelmoebel-preview.ch\/wp-content\/uploads\/2026\/03\/tile-living-Du-86-Fx-600x600.jpg 600w, https:\/\/weibelmoebel-preview.ch\/wp-content\/uploads\/2026\/03\/tile-living-Du-86-Fx-100x100.jpg 100w, https:\/\/weibelmoebel-preview.ch\/wp-content\/uploads\/2026\/03\/tile-living-Du-86-Fx-64x64.jpg 64w\" sizes=\"(max-width: 1024px) 100vw, 1024px\" \/>\t\t\t\t\t\t\t\t\t\t\t\t\t\t\t<\/div>\n\t\t\t\t<\/div>\n\t\t<div class=\"elementor-element elementor-element-1b7d75f e-con-full e-flex e-con e-child\" data-id=\"1b7d75f\" data-element_type=\"container\" data-e-type=\"container\">\n\t\t\t\t<div class=\"elementor-element elementor-element-99f01a2 elementor-widget elementor-widget-image\" data-id=\"99f01a2\" data-element_type=\"widget\" data-e-type=\"widget\" data-widget_type=\"image.default\">\n\t\t\t\t\t\t\t\t\t\t\t\t\t\t\t<img loading=\"lazy\" decoding=\"async\" width=\"1024\" height=\"1024\" src=\"https:\/\/weibelmoebel-preview.ch\/wp-content\/uploads\/2026\/03\/Untitled-design-2-10.png\" class=\"attachment-full size-full wp-image-5872\" alt=\"\" srcset=\"https:\/\/weibelmoebel-preview.ch\/wp-content\/uploads\/2026\/03\/Untitled-design-2-10.png 1024w, https:\/\/weibelmoebel-preview.ch\/wp-content\/uploads\/2026\/03\/Untitled-design-2-10-300x300.png 300w, https:\/\/weibelmoebel-preview.ch\/wp-content\/uploads\/2026\/03\/Untitled-design-2-10-150x150.png 150w, https:\/\/weibelmoebel-preview.ch\/wp-content\/uploads\/2026\/03\/Untitled-design-2-10-768x768.png 768w, https:\/\/weibelmoebel-preview.ch\/wp-content\/uploads\/2026\/03\/Untitled-design-2-10-12x12.png 12w, https:\/\/weibelmoebel-preview.ch\/wp-content\/uploads\/2026\/03\/Untitled-design-2-10-600x600.png 600w, https:\/\/weibelmoebel-preview.ch\/wp-content\/uploads\/2026\/03\/Untitled-design-2-10-100x100.png 100w, https:\/\/weibelmoebel-preview.ch\/wp-content\/uploads\/2026\/03\/Untitled-design-2-10-64x64.png 64w\" sizes=\"(max-width: 1024px) 100vw, 1024px\" \/>\t\t\t\t\t\t\t\t\t\t\t\t\t\t\t<\/div>\n\t\t\t\t<\/div>\n\t\t\t\t<\/div>\n\t\t\t\t\t<\/div>\n\t\t\t\t<\/div>\n\t\t\t\t<\/div>\n\t\t","protected":false},"excerpt":{"rendered":"<p>Sofas Ein Sofa ist das Herzst\u00fcck jedes Wohnraums und vereint Komfort mit zeitlosem Design. Unsere sorgf\u00e4ltig ausgew\u00e4hlte Kollektion umfasst Premium-Sofas [&hellip;]<\/p>\n","protected":false},"author":3,"featured_media":0,"parent":0,"menu_order":0,"comment_status":"closed","ping_status":"open","template":"elementor_header_footer","meta":{"_acf_changed":false,"site-sidebar-layout":"no-sidebar","site-content-layout":"","ast-site-content-layout":"full-width-container","site-content-style":"default","site-sidebar-style":"default","ast-global-header-display":"","ast-banner-title-visibility":"","ast-main-header-display":"","ast-hfb-above-header-display":"","ast-hfb-below-header-display":"","ast-hfb-mobile-header-display":"","site-post-title":"","ast-breadcrumbs-content":"","ast-featured-img":"disabled","footer-sml-layout":"","ast-disable-related-posts":"","theme-transparent-header-meta":"default","adv-header-id-meta":"","stick-header-meta":"","header-above-stick-meta":"","header-main-stick-meta":"","header-below-stick-meta":"","astra-migrate-meta-layouts":"set","ast-page-background-enabled":"default","ast-page-background-meta":{"desktop":{"background-color":"var(--ast-global-color-5)","background-image":"","background-repeat":"repeat","background-position":"center center","background-size":"auto","background-attachment":"scroll","background-type":"","background-media":"","overlay-type":"","overlay-color":"","overlay-opacity":"","overlay-gradient":""},"tablet":{"background-color":"","background-image":"","background-repeat":"repeat","background-position":"center center","background-size":"auto","background-attachment":"scroll","background-type":"","background-media":"","overlay-type":"","overlay-color":"","overlay-opacity":"","overlay-gradient":""},"mobile":{"background-color":"","background-image":"","background-repeat":"repeat","background-position":"center center","background-size":"auto","background-attachment":"scroll","background-type":"","background-media":"","overlay-type":"","overlay-color":"","overlay-opacity":"","overlay-gradient":""}},"ast-content-background-meta":{"desktop":{"background-color":"var(--ast-global-color-4)","background-image":"","background-repeat":"repeat","background-position":"center center","background-size":"auto","background-attachment":"scroll","background-type":"","background-media":"","overlay-type":"","overlay-color":"","overlay-opacity":"","overlay-gradient":""},"tablet":{"background-color":"var(--ast-global-color-4)","background-image":"","background-repeat":"repeat","background-position":"center center","background-size":"auto","background-attachment":"scroll","background-type":"","background-media":"","overlay-type":"","overlay-color":"","overlay-opacity":"","overlay-gradient":""},"mobile":{"background-color":"var(--ast-global-color-4)","background-image":"","background-repeat":"repeat","background-position":"center center","background-size":"auto","background-attachment":"scroll","background-type":"","background-media":"","overlay-type":"","overlay-color":"","overlay-opacity":"","overlay-gradient":""}},"footnotes":""},"class_list":["post-5680","page","type-page","status-publish","hentry"],"acf":[],"_links":{"self":[{"href":"https:\/\/weibelmoebel-preview.ch\/de\/wp-json\/wp\/v2\/pages\/5680","targetHints":{"allow":["GET"]}}],"collection":[{"href":"https:\/\/weibelmoebel-preview.ch\/de\/wp-json\/wp\/v2\/pages"}],"about":[{"href":"https:\/\/weibelmoebel-preview.ch\/de\/wp-json\/wp\/v2\/types\/page"}],"author":[{"embeddable":true,"href":"https:\/\/weibelmoebel-preview.ch\/de\/wp-json\/wp\/v2\/users\/3"}],"replies":[{"embeddable":true,"href":"https:\/\/weibelmoebel-preview.ch\/de\/wp-json\/wp\/v2\/comments?post=5680"}],"version-history":[{"count":10,"href":"https:\/\/weibelmoebel-preview.ch\/de\/wp-json\/wp\/v2\/pages\/5680\/revisions"}],"predecessor-version":[{"id":5875,"href":"https:\/\/weibelmoebel-preview.ch\/de\/wp-json\/wp\/v2\/pages\/5680\/revisions\/5875"}],"wp:attachment":[{"href":"https:\/\/weibelmoebel-preview.ch\/de\/wp-json\/wp\/v2\/media?parent=5680"}],"curies":[{"name":"wp","href":"https:\/\/api.w.org\/{rel}","templated":true}]}}