{"id":4571,"date":"2026-03-12T04:10:54","date_gmt":"2026-03-12T04:10:54","guid":{"rendered":"https:\/\/erzengelmg.r2ait.in\/?post_type=product&#038;p=4571"},"modified":"2026-03-18T04:00:38","modified_gmt":"2026-03-18T04:00:38","slug":"dekorativer-outdoor-teppich","status":"publish","type":"product","link":"https:\/\/weibelmoebel-preview.ch\/de\/product\/dekorativer-outdoor-teppich\/","title":{"rendered":"Dekorativer Outdoor-Teppich"},"content":{"rendered":"<p>Ein stilvoller Outdoor-Teppich, der Ihre Garten- und Terrassenbereiche versch\u00f6nert. Ideal f\u00fcr Terrassen, Balkone und andere Sitzgelegenheiten. Das strapazierf\u00e4hige Material ist witterungsbest\u00e4ndig und sorgt f\u00fcr W\u00e4rme und Komfort. Leicht zu reinigen und zu pflegen. Ein dekoratives Element, das Ihre Gartenm\u00f6bel perfekt erg\u00e4nzt.<\/p>\n","protected":false},"excerpt":{"rendered":"<p>Ein stilvoller Outdoor-Teppich, der Ihre Garten- und Terrassenbereiche versch\u00f6nert. Ideal f\u00fcr Terrassen, Balkone und andere Sitzgelegenheiten. Das strapazierf\u00e4hige Material ist [&hellip;]<\/p>\n","protected":false},"featured_media":3620,"comment_status":"open","ping_status":"closed","template":"","meta":{"_acf_changed":false,"site-sidebar-layout":"default","site-content-layout":"","ast-site-content-layout":"default","site-content-style":"default","site-sidebar-style":"default","ast-global-header-display":"","ast-banner-title-visibility":"","ast-main-header-display":"","ast-hfb-above-header-display":"","ast-hfb-below-header-display":"","ast-hfb-mobile-header-display":"","site-post-title":"","ast-breadcrumbs-content":"","ast-featured-img":"","footer-sml-layout":"","ast-disable-related-posts":"","theme-transparent-header-meta":"default","adv-header-id-meta":"","stick-header-meta":"","header-above-stick-meta":"","header-main-stick-meta":"","header-below-stick-meta":"","astra-migrate-meta-layouts":"set","ast-page-background-enabled":"default","ast-page-background-meta":{"desktop":{"background-color":"var(--ast-global-color-5)","background-image":"","background-repeat":"repeat","background-position":"center center","background-size":"auto","background-attachment":"scroll","background-type":"","background-media":"","overlay-type":"","overlay-color":"","overlay-opacity":"","overlay-gradient":""},"tablet":{"background-color":"","background-image":"","background-repeat":"repeat","background-position":"center center","background-size":"auto","background-attachment":"scroll","background-type":"","background-media":"","overlay-type":"","overlay-color":"","overlay-opacity":"","overlay-gradient":""},"mobile":{"background-color":"","background-image":"","background-repeat":"repeat","background-position":"center center","background-size":"auto","background-attachment":"scroll","background-type":"","background-media":"","overlay-type":"","overlay-color":"","overlay-opacity":"","overlay-gradient":""}},"ast-content-background-meta":{"desktop":{"background-color":"var(--ast-global-color-4)","background-image":"","background-repeat":"repeat","background-position":"center center","background-size":"auto","background-attachment":"scroll","background-type":"","background-media":"","overlay-type":"","overlay-color":"","overlay-opacity":"","overlay-gradient":""},"tablet":{"background-color":"var(--ast-global-color-4)","background-image":"","background-repeat":"repeat","background-position":"center center","background-size":"auto","background-attachment":"scroll","background-type":"","background-media":"","overlay-type":"","overlay-color":"","overlay-opacity":"","overlay-gradient":""},"mobile":{"background-color":"var(--ast-global-color-4)","background-image":"","background-repeat":"repeat","background-position":"center center","background-size":"auto","background-attachment":"scroll","background-type":"","background-media":"","overlay-type":"","overlay-color":"","overlay-opacity":"","overlay-gradient":""}}},"product_brand":[],"product_cat":[46,116],"product_tag":[],"class_list":{"0":"post-4571","1":"product","2":"type-product","3":"status-publish","4":"has-post-thumbnail","6":"product_cat-outdoor","7":"product_cat-outdoor-teppiche","8":"product_shipping_class-furniture-shipping","9":"desktop-align-left","10":"tablet-align-left","11":"mobile-align-left","13":"first","14":"instock","15":"shipping-taxable","16":"purchasable","17":"product-type-simple"},"acf":[],"_links":{"self":[{"href":"https:\/\/weibelmoebel-preview.ch\/de\/wp-json\/wp\/v2\/product\/4571","targetHints":{"allow":["GET"]}}],"collection":[{"href":"https:\/\/weibelmoebel-preview.ch\/de\/wp-json\/wp\/v2\/product"}],"about":[{"href":"https:\/\/weibelmoebel-preview.ch\/de\/wp-json\/wp\/v2\/types\/product"}],"replies":[{"embeddable":true,"href":"https:\/\/weibelmoebel-preview.ch\/de\/wp-json\/wp\/v2\/comments?post=4571"}],"version-history":[{"count":1,"href":"https:\/\/weibelmoebel-preview.ch\/de\/wp-json\/wp\/v2\/product\/4571\/revisions"}],"predecessor-version":[{"id":4574,"href":"https:\/\/weibelmoebel-preview.ch\/de\/wp-json\/wp\/v2\/product\/4571\/revisions\/4574"}],"wp:featuredmedia":[{"embeddable":true,"href":"https:\/\/weibelmoebel-preview.ch\/de\/wp-json\/wp\/v2\/media\/3620"}],"wp:attachment":[{"href":"https:\/\/weibelmoebel-preview.ch\/de\/wp-json\/wp\/v2\/media?parent=4571"}],"wp:term":[{"taxonomy":"product_brand","embeddable":true,"href":"https:\/\/weibelmoebel-preview.ch\/de\/wp-json\/wp\/v2\/product_brand?post=4571"},{"taxonomy":"product_cat","embeddable":true,"href":"https:\/\/weibelmoebel-preview.ch\/de\/wp-json\/wp\/v2\/product_cat?post=4571"},{"taxonomy":"product_tag","embeddable":true,"href":"https:\/\/weibelmoebel-preview.ch\/de\/wp-json\/wp\/v2\/product_tag?post=4571"}],"curies":[{"name":"wp","href":"https:\/\/api.w.org\/{rel}","templated":true}]}}