{"id":21,"date":"2026-02-13T06:55:38","date_gmt":"2026-02-13T06:55:38","guid":{"rendered":"https:\/\/erzengelmg.r2ait.in\/?page_id=21"},"modified":"2026-03-18T08:04:22","modified_gmt":"2026-03-18T08:04:22","slug":"uber-uns","status":"publish","type":"page","link":"https:\/\/weibelmoebel-preview.ch\/en\/uber-uns\/","title":{"rendered":"About us"},"content":{"rendered":"<div data-elementor-type=\"wp-page\" data-elementor-id=\"21\" class=\"elementor elementor-21\" data-elementor-post-type=\"page\">\n\t\t\t\t<div class=\"elementor-element elementor-element-b357257 e-flex e-con-boxed e-con e-parent\" data-id=\"b357257\" data-element_type=\"container\" data-e-type=\"container\" data-settings=\"{&quot;background_background&quot;:&quot;classic&quot;}\">\n\t\t\t\t\t<div class=\"e-con-inner\">\n\t\t<div class=\"elementor-element elementor-element-a36043e e-con-full e-flex e-con e-child\" data-id=\"a36043e\" data-element_type=\"container\" data-e-type=\"container\">\n\t\t\t\t<div class=\"elementor-element elementor-element-1a8fca2 elementor-widget elementor-widget-heading\" data-id=\"1a8fca2\" data-element_type=\"widget\" data-e-type=\"widget\" data-widget_type=\"heading.default\">\n\t\t\t\t\t<h2 class=\"elementor-heading-title elementor-size-default\">About us<\/h2>\t\t\t\t<\/div>\n\t\t\t\t<div class=\"elementor-element elementor-element-c307c69 elementor-widget__width-initial elementor-widget-mobile__width-inherit elementor-widget elementor-widget-text-editor\" data-id=\"c307c69\" data-element_type=\"widget\" data-e-type=\"widget\" data-widget_type=\"text-editor.default\">\n\t\t\t\t\t\t\t\t\t<p>Welcome to Weibel Furniture. For over 150 years, we have combined Swiss craftsmanship with contemporary design. Our aim is to create spaces that inspire and last.<\/p>\t\t\t\t\t\t\t\t<\/div>\n\t\t\t\t<\/div>\n\t\t\t\t\t<\/div>\n\t\t\t\t<\/div>\n\t\t<div class=\"elementor-element elementor-element-c6afafc e-flex e-con-boxed e-con e-parent\" data-id=\"c6afafc\" data-element_type=\"container\" data-e-type=\"container\" data-settings=\"{&quot;background_background&quot;:&quot;classic&quot;}\">\n\t\t\t\t\t<div class=\"e-con-inner\">\n\t\t<div class=\"elementor-element elementor-element-0a49dc6 e-con-full e-flex e-con e-child\" data-id=\"0a49dc6\" data-element_type=\"container\" data-e-type=\"container\">\n\t\t\t\t<div class=\"elementor-element elementor-element-cc2bdce elementor-widget-mobile__width-inherit elementor-widget elementor-widget-heading\" data-id=\"cc2bdce\" data-element_type=\"widget\" data-e-type=\"widget\" data-widget_type=\"heading.default\">\n\t\t\t\t\t<h2 class=\"elementor-heading-title elementor-size-default\">Our story<\/h2>\t\t\t\t<\/div>\n\t\t\t\t<div class=\"elementor-element elementor-element-e4b5cc4 elementor-widget__width-initial elementor-widget elementor-widget-text-editor\" data-id=\"e4b5cc4\" data-element_type=\"widget\" data-e-type=\"widget\" data-widget_type=\"text-editor.default\">\n\t\t\t\t\t\t\t\t\t<p>In 1865, Josef Weibel founded the company in Endingen, which is now in its fifth generation of family ownership. What began as a small textile and furniture shop has evolved over the decades into a premium interior design store. Discover the fascinating journey that has made us who we are today.<\/p>\t\t\t\t\t\t\t\t<\/div>\n\t\t\t\t<div class=\"elementor-element elementor-element-38b2fb2 elementor-widget-mobile__width-initial elementor-mobile-align-justify elementor-align-center elementor-widget elementor-widget-button\" data-id=\"38b2fb2\" data-element_type=\"widget\" data-e-type=\"widget\" data-widget_type=\"button.default\">\n\t\t\t\t\t\t\t\t\t\t<a class=\"elementor-button elementor-button-link elementor-size-sm\" href=\"https:\/\/weibelmoebel-preview.ch\/en\/geschichte\/\">\n\t\t\t\t\t\t<span class=\"elementor-button-content-wrapper\">\n\t\t\t\t\t\t<span class=\"elementor-button-icon\">\n\t\t\t\t<i aria-hidden=\"true\" class=\"xlio ion-md-arrow-forward\"><\/i>\t\t\t<\/span>\n\t\t\t\t\t\t\t\t\t<span class=\"elementor-button-text\">More about the history<\/span>\n\t\t\t\t\t<\/span>\n\t\t\t\t\t<\/a>\n\t\t\t\t\t\t\t\t<\/div>\n\t\t\t\t<\/div>\n\t\t\t\t\t<\/div>\n\t\t\t\t<\/div>\n\t\t<div class=\"elementor-element elementor-element-5ac88cb e-flex e-con-boxed e-con e-parent\" data-id=\"5ac88cb\" data-element_type=\"container\" data-e-type=\"container\" data-settings=\"{&quot;background_background&quot;:&quot;classic&quot;}\">\n\t\t\t\t\t<div class=\"e-con-inner\">\n\t\t<div class=\"elementor-element elementor-element-d2b3969 e-con-full e-flex e-con e-child\" data-id=\"d2b3969\" data-element_type=\"container\" data-e-type=\"container\">\n\t\t\t\t<div class=\"elementor-element elementor-element-ef5824d elementor-widget-mobile__width-inherit elementor-widget elementor-widget-heading\" data-id=\"ef5824d\" data-element_type=\"widget\" data-e-type=\"widget\" data-widget_type=\"heading.default\">\n\t\t\t\t\t<h2 class=\"elementor-heading-title elementor-size-default\">Our philosophy<\/h2>\t\t\t\t<\/div>\n\t\t\t\t<div class=\"elementor-element elementor-element-8511f53 elementor-widget__width-initial elementor-widget elementor-widget-text-editor\" data-id=\"8511f53\" data-element_type=\"widget\" data-e-type=\"widget\" data-widget_type=\"text-editor.default\">\n\t\t\t\t\t\t\t\t\t<p class=\"leading-relaxed text-muted-foreground\">Quality is not a promise for us, but a given. Every piece of furniture that leaves our premises embodies the legacy of over 150 years of craftsmanship. We believe that well-designed furnishings enhance well-being and transform rooms into living spaces.<\/p><p class=\"leading-relaxed text-muted-foreground\">Sustainability is more than just a word for us. We focus on durable materials, furniture that lasts for generations, and partners who share our values. Swiss craftsmanship and international design excellence go hand in hand with us.<\/p><p class=\"leading-relaxed text-muted-foreground\">Our consultation is personal and tailored to your needs. We take the time to understand your wishes and work with you to find the perfect solution. Because we know: A home is as unique as the people who live in it.<\/p><p class=\"leading-relaxed text-muted-foreground\">We are convinced that good design is timeless. That's why we combine classic elegance with modern style and create spaces that inspire both today and tomorrow. Our goal: furniture that is not only functional but also emotionally compelling.<\/p>\t\t\t\t\t\t\t\t<\/div>\n\t\t\t\t<\/div>\n\t\t\t\t\t<\/div>\n\t\t\t\t<\/div>\n\t\t<div class=\"elementor-element elementor-element-c2eda9f e-flex e-con-boxed e-con e-parent\" data-id=\"c2eda9f\" data-element_type=\"container\" data-e-type=\"container\" data-settings=\"{&quot;background_background&quot;:&quot;classic&quot;}\">\n\t\t\t\t\t<div class=\"e-con-inner\">\n\t\t<div class=\"elementor-element elementor-element-876fc1a e-con-full e-flex e-con e-child\" data-id=\"876fc1a\" data-element_type=\"container\" data-e-type=\"container\" data-settings=\"{&quot;background_background&quot;:&quot;classic&quot;}\">\n\t\t\t\t<div class=\"elementor-element elementor-element-4f9346d elementor-widget elementor-widget-heading\" data-id=\"4f9346d\" data-element_type=\"widget\" data-e-type=\"widget\" data-widget_type=\"heading.default\">\n\t\t\t\t\t<h2 class=\"elementor-heading-title elementor-size-default\">Our showroom<\/h2>\t\t\t\t<\/div>\n\t\t\t\t<\/div>\n\t\t<a class=\"elementor-element elementor-element-cf96ed5 e-con-full e-flex e-con e-child\" data-id=\"cf96ed5\" data-element_type=\"container\" data-e-type=\"container\" data-settings=\"{&quot;background_background&quot;:&quot;classic&quot;}\" href=\"https:\/\/weibelmoebel-preview.ch\/en\/showroom-impressions\/\">\n\t\t\t\t<\/a>\n\t\t<div class=\"elementor-element elementor-element-49bad62 e-con-full e-flex e-con e-child\" data-id=\"49bad62\" data-element_type=\"container\" data-e-type=\"container\">\n\t\t\t\t<div class=\"elementor-element elementor-element-12f8275 elementor-widget__width-initial elementor-widget elementor-widget-text-editor\" data-id=\"12f8275\" data-element_type=\"widget\" data-e-type=\"widget\" data-widget_type=\"text-editor.default\">\n\t\t\t\t\t\t\t\t\t<p class=\"leading-relaxed text-muted-foreground\">Our showroom in Endingen is more than just an exhibition. Here you can experience furniture in its natural setting, feel the quality of the materials, and be inspired by well-conceived room concepts. Spread over several floors, we present a carefully curated selection of premium furnishings.<\/p><p>Visit us and let us advise you personally. Our interior design consultants will be happy to take the time to discuss your individual needs and wishes.<\/p>\t\t\t\t\t\t\t\t<\/div>\n\t\t\t\t<div class=\"elementor-element elementor-element-e26467f elementor-widget-mobile__width-initial elementor-mobile-align-justify elementor-align-center elementor-widget-laptop__width-inherit elementor-widget elementor-widget-button\" data-id=\"e26467f\" data-element_type=\"widget\" data-e-type=\"widget\" data-widget_type=\"button.default\">\n\t\t\t\t\t\t\t\t\t\t<a class=\"elementor-button elementor-button-link elementor-size-sm\" href=\"https:\/\/weibelmoebel-preview.ch\/en\/kontakt\/\">\n\t\t\t\t\t\t<span class=\"elementor-button-content-wrapper\">\n\t\t\t\t\t\t<span class=\"elementor-button-icon\">\n\t\t\t\t<i aria-hidden=\"true\" class=\"xlio ion-md-arrow-forward\"><\/i>\t\t\t<\/span>\n\t\t\t\t\t\t\t\t\t<span class=\"elementor-button-text\">Arrange a visit<\/span>\n\t\t\t\t\t<\/span>\n\t\t\t\t\t<\/a>\n\t\t\t\t\t\t\t\t<\/div>\n\t\t\t\t<\/div>\n\t\t\t\t\t<\/div>\n\t\t\t\t<\/div>\n\t\t<div class=\"elementor-element elementor-element-36e558c e-flex e-con-boxed e-con e-parent\" data-id=\"36e558c\" data-element_type=\"container\" data-e-type=\"container\" data-settings=\"{&quot;background_background&quot;:&quot;classic&quot;}\">\n\t\t\t\t\t<div class=\"e-con-inner\">\n\t\t<div class=\"elementor-element elementor-element-eb686ac e-con-full e-flex e-con e-child\" data-id=\"eb686ac\" data-element_type=\"container\" data-e-type=\"container\">\n\t\t\t\t<div class=\"elementor-element elementor-element-ee5ded7 elementor-widget elementor-widget-heading\" data-id=\"ee5ded7\" data-element_type=\"widget\" data-e-type=\"widget\" data-widget_type=\"heading.default\">\n\t\t\t\t\t<h2 class=\"elementor-heading-title elementor-size-default\">Our team<\/h2>\t\t\t\t<\/div>\n\t\t\t\t<\/div>\n\t\t<div class=\"elementor-element elementor-element-0f089b1 e-con-full e-flex e-con e-child\" data-id=\"0f089b1\" data-element_type=\"container\" data-e-type=\"container\">\n\t\t<div class=\"elementor-element elementor-element-0b4c37d e-grid e-con-full e-con e-child\" data-id=\"0b4c37d\" data-element_type=\"container\" data-e-type=\"container\">\n\t\t<div class=\"elementor-element elementor-element-ec20fe6 e-con-full e-flex e-con e-child\" data-id=\"ec20fe6\" data-element_type=\"container\" data-e-type=\"container\">\n\t\t\t\t<div class=\"elementor-element elementor-element-c7cd12d elementor-widget elementor-widget-image\" data-id=\"c7cd12d\" data-element_type=\"widget\" data-e-type=\"widget\" data-widget_type=\"image.default\">\n\t\t\t\t\t\t\t\t\t\t\t\t\t\t\t<img fetchpriority=\"high\" decoding=\"async\" width=\"1024\" height=\"1024\" src=\"https:\/\/weibelmoebel-preview.ch\/wp-content\/uploads\/2026\/03\/team-1.jpg\" class=\"attachment-full size-full wp-image-2748\" alt=\"\" srcset=\"https:\/\/weibelmoebel-preview.ch\/wp-content\/uploads\/2026\/03\/team-1.jpg 1024w, https:\/\/weibelmoebel-preview.ch\/wp-content\/uploads\/2026\/03\/team-1-300x300.jpg 300w, https:\/\/weibelmoebel-preview.ch\/wp-content\/uploads\/2026\/03\/team-1-150x150.jpg 150w, https:\/\/weibelmoebel-preview.ch\/wp-content\/uploads\/2026\/03\/team-1-768x768.jpg 768w, https:\/\/weibelmoebel-preview.ch\/wp-content\/uploads\/2026\/03\/team-1-12x12.jpg 12w, https:\/\/weibelmoebel-preview.ch\/wp-content\/uploads\/2026\/03\/team-1-600x600.jpg 600w, https:\/\/weibelmoebel-preview.ch\/wp-content\/uploads\/2026\/03\/team-1-100x100.jpg 100w, https:\/\/weibelmoebel-preview.ch\/wp-content\/uploads\/2026\/03\/team-1-64x64.jpg 64w\" sizes=\"(max-width: 1024px) 100vw, 1024px\" \/>\t\t\t\t\t\t\t\t\t\t\t\t\t\t\t<\/div>\n\t\t\t\t<div class=\"elementor-element elementor-element-df2227f elementor-widget elementor-widget-heading\" data-id=\"df2227f\" data-element_type=\"widget\" data-e-type=\"widget\" data-widget_type=\"heading.default\">\n\t\t\t\t\t<h2 class=\"elementor-heading-title elementor-size-default\">Michael Weibel<\/h2>\t\t\t\t<\/div>\n\t\t\t\t<div class=\"elementor-element elementor-element-07e141a elementor-widget elementor-widget-text-editor\" data-id=\"07e141a\" data-element_type=\"widget\" data-e-type=\"widget\" data-widget_type=\"text-editor.default\">\n\t\t\t\t\t\t\t\t\t<p>Managing Director<\/p>\t\t\t\t\t\t\t\t<\/div>\n\t\t\t\t<\/div>\n\t\t<div class=\"elementor-element elementor-element-a651bf0 e-con-full e-flex e-con e-child\" data-id=\"a651bf0\" data-element_type=\"container\" data-e-type=\"container\">\n\t\t\t\t<div class=\"elementor-element elementor-element-2cde390 elementor-widget elementor-widget-image\" data-id=\"2cde390\" data-element_type=\"widget\" data-e-type=\"widget\" data-widget_type=\"image.default\">\n\t\t\t\t\t\t\t\t\t\t\t\t\t\t\t<img decoding=\"async\" width=\"1024\" height=\"1024\" src=\"https:\/\/weibelmoebel-preview.ch\/wp-content\/uploads\/2026\/03\/team-2.jpg\" class=\"attachment-full size-full wp-image-2747\" alt=\"\" srcset=\"https:\/\/weibelmoebel-preview.ch\/wp-content\/uploads\/2026\/03\/team-2.jpg 1024w, https:\/\/weibelmoebel-preview.ch\/wp-content\/uploads\/2026\/03\/team-2-300x300.jpg 300w, https:\/\/weibelmoebel-preview.ch\/wp-content\/uploads\/2026\/03\/team-2-150x150.jpg 150w, https:\/\/weibelmoebel-preview.ch\/wp-content\/uploads\/2026\/03\/team-2-768x768.jpg 768w, https:\/\/weibelmoebel-preview.ch\/wp-content\/uploads\/2026\/03\/team-2-12x12.jpg 12w, https:\/\/weibelmoebel-preview.ch\/wp-content\/uploads\/2026\/03\/team-2-600x600.jpg 600w, https:\/\/weibelmoebel-preview.ch\/wp-content\/uploads\/2026\/03\/team-2-100x100.jpg 100w, https:\/\/weibelmoebel-preview.ch\/wp-content\/uploads\/2026\/03\/team-2-64x64.jpg 64w\" sizes=\"(max-width: 1024px) 100vw, 1024px\" \/>\t\t\t\t\t\t\t\t\t\t\t\t\t\t\t<\/div>\n\t\t\t\t<div class=\"elementor-element elementor-element-647fffc elementor-widget elementor-widget-heading\" data-id=\"647fffc\" data-element_type=\"widget\" data-e-type=\"widget\" data-widget_type=\"heading.default\">\n\t\t\t\t\t<h2 class=\"elementor-heading-title elementor-size-default\">Marlies Merki<\/h2>\t\t\t\t<\/div>\n\t\t\t\t<div class=\"elementor-element elementor-element-f3b9149 elementor-widget elementor-widget-text-editor\" data-id=\"f3b9149\" data-element_type=\"widget\" data-e-type=\"widget\" data-widget_type=\"text-editor.default\">\n\t\t\t\t\t\t\t\t\t<p>Interior design consultant<\/p>\t\t\t\t\t\t\t\t<\/div>\n\t\t\t\t<\/div>\n\t\t<div class=\"elementor-element elementor-element-235dcf2 e-con-full e-flex e-con e-child\" data-id=\"235dcf2\" data-element_type=\"container\" data-e-type=\"container\">\n\t\t\t\t<div class=\"elementor-element elementor-element-54846bb elementor-widget elementor-widget-image\" data-id=\"54846bb\" data-element_type=\"widget\" data-e-type=\"widget\" data-widget_type=\"image.default\">\n\t\t\t\t\t\t\t\t\t\t\t\t\t\t\t<img decoding=\"async\" width=\"1024\" height=\"1024\" src=\"https:\/\/weibelmoebel-preview.ch\/wp-content\/uploads\/2026\/03\/team-5.jpg\" class=\"attachment-full size-full wp-image-2749\" alt=\"\" srcset=\"https:\/\/weibelmoebel-preview.ch\/wp-content\/uploads\/2026\/03\/team-5.jpg 1024w, https:\/\/weibelmoebel-preview.ch\/wp-content\/uploads\/2026\/03\/team-5-300x300.jpg 300w, https:\/\/weibelmoebel-preview.ch\/wp-content\/uploads\/2026\/03\/team-5-150x150.jpg 150w, https:\/\/weibelmoebel-preview.ch\/wp-content\/uploads\/2026\/03\/team-5-768x768.jpg 768w, https:\/\/weibelmoebel-preview.ch\/wp-content\/uploads\/2026\/03\/team-5-12x12.jpg 12w, https:\/\/weibelmoebel-preview.ch\/wp-content\/uploads\/2026\/03\/team-5-600x600.jpg 600w, https:\/\/weibelmoebel-preview.ch\/wp-content\/uploads\/2026\/03\/team-5-100x100.jpg 100w, https:\/\/weibelmoebel-preview.ch\/wp-content\/uploads\/2026\/03\/team-5-64x64.jpg 64w\" sizes=\"(max-width: 1024px) 100vw, 1024px\" \/>\t\t\t\t\t\t\t\t\t\t\t\t\t\t\t<\/div>\n\t\t\t\t<div class=\"elementor-element elementor-element-0e4c39e elementor-widget elementor-widget-heading\" data-id=\"0e4c39e\" data-element_type=\"widget\" data-e-type=\"widget\" data-widget_type=\"heading.default\">\n\t\t\t\t\t<h2 class=\"elementor-heading-title elementor-size-default\">Thomas Keller<\/h2>\t\t\t\t<\/div>\n\t\t\t\t<div class=\"elementor-element elementor-element-b2d7ac0 elementor-widget elementor-widget-text-editor\" data-id=\"b2d7ac0\" data-element_type=\"widget\" data-e-type=\"widget\" data-widget_type=\"text-editor.default\">\n\t\t\t\t\t\t\t\t\t<p>Project Manager<\/p>\t\t\t\t\t\t\t\t<\/div>\n\t\t\t\t<\/div>\n\t\t<div class=\"elementor-element elementor-element-b0510f9 e-con-full e-flex e-con e-child\" data-id=\"b0510f9\" data-element_type=\"container\" data-e-type=\"container\">\n\t\t\t\t<div class=\"elementor-element elementor-element-b519374 elementor-widget elementor-widget-image\" data-id=\"b519374\" data-element_type=\"widget\" data-e-type=\"widget\" data-widget_type=\"image.default\">\n\t\t\t\t\t\t\t\t\t\t\t\t\t\t\t<img loading=\"lazy\" decoding=\"async\" width=\"1024\" height=\"1024\" src=\"https:\/\/weibelmoebel-preview.ch\/wp-content\/uploads\/2026\/03\/team-4.jpg\" class=\"attachment-full size-full wp-image-2750\" alt=\"\" srcset=\"https:\/\/weibelmoebel-preview.ch\/wp-content\/uploads\/2026\/03\/team-4.jpg 1024w, https:\/\/weibelmoebel-preview.ch\/wp-content\/uploads\/2026\/03\/team-4-300x300.jpg 300w, https:\/\/weibelmoebel-preview.ch\/wp-content\/uploads\/2026\/03\/team-4-150x150.jpg 150w, https:\/\/weibelmoebel-preview.ch\/wp-content\/uploads\/2026\/03\/team-4-768x768.jpg 768w, https:\/\/weibelmoebel-preview.ch\/wp-content\/uploads\/2026\/03\/team-4-12x12.jpg 12w, https:\/\/weibelmoebel-preview.ch\/wp-content\/uploads\/2026\/03\/team-4-600x600.jpg 600w, https:\/\/weibelmoebel-preview.ch\/wp-content\/uploads\/2026\/03\/team-4-100x100.jpg 100w, https:\/\/weibelmoebel-preview.ch\/wp-content\/uploads\/2026\/03\/team-4-64x64.jpg 64w\" sizes=\"(max-width: 1024px) 100vw, 1024px\" \/>\t\t\t\t\t\t\t\t\t\t\t\t\t\t\t<\/div>\n\t\t\t\t<div class=\"elementor-element elementor-element-a9bb6b5 elementor-widget elementor-widget-heading\" data-id=\"a9bb6b5\" data-element_type=\"widget\" data-e-type=\"widget\" data-widget_type=\"heading.default\">\n\t\t\t\t\t<h2 class=\"elementor-heading-title elementor-size-default\">Marlies Merki<\/h2>\t\t\t\t<\/div>\n\t\t\t\t<div class=\"elementor-element elementor-element-5467e83 elementor-widget elementor-widget-text-editor\" data-id=\"5467e83\" data-element_type=\"widget\" data-e-type=\"widget\" data-widget_type=\"text-editor.default\">\n\t\t\t\t\t\t\t\t\t<p>Accounting &amp; Administration<\/p>\t\t\t\t\t\t\t\t<\/div>\n\t\t\t\t<\/div>\n\t\t<div class=\"elementor-element elementor-element-bff2ca7 e-con-full e-flex e-con e-child\" data-id=\"bff2ca7\" data-element_type=\"container\" data-e-type=\"container\">\n\t\t\t\t<div class=\"elementor-element elementor-element-4003895 elementor-widget elementor-widget-image\" data-id=\"4003895\" data-element_type=\"widget\" data-e-type=\"widget\" data-widget_type=\"image.default\">\n\t\t\t\t\t\t\t\t\t\t\t\t\t\t\t<img loading=\"lazy\" decoding=\"async\" width=\"1024\" height=\"1024\" src=\"https:\/\/weibelmoebel-preview.ch\/wp-content\/uploads\/2026\/03\/team-3.jpg\" class=\"attachment-full size-full wp-image-2751\" alt=\"\" srcset=\"https:\/\/weibelmoebel-preview.ch\/wp-content\/uploads\/2026\/03\/team-3.jpg 1024w, https:\/\/weibelmoebel-preview.ch\/wp-content\/uploads\/2026\/03\/team-3-300x300.jpg 300w, https:\/\/weibelmoebel-preview.ch\/wp-content\/uploads\/2026\/03\/team-3-150x150.jpg 150w, https:\/\/weibelmoebel-preview.ch\/wp-content\/uploads\/2026\/03\/team-3-768x768.jpg 768w, https:\/\/weibelmoebel-preview.ch\/wp-content\/uploads\/2026\/03\/team-3-12x12.jpg 12w, https:\/\/weibelmoebel-preview.ch\/wp-content\/uploads\/2026\/03\/team-3-600x600.jpg 600w, https:\/\/weibelmoebel-preview.ch\/wp-content\/uploads\/2026\/03\/team-3-100x100.jpg 100w, https:\/\/weibelmoebel-preview.ch\/wp-content\/uploads\/2026\/03\/team-3-64x64.jpg 64w\" sizes=\"(max-width: 1024px) 100vw, 1024px\" \/>\t\t\t\t\t\t\t\t\t\t\t\t\t\t\t<\/div>\n\t\t\t\t<div class=\"elementor-element elementor-element-c990706 elementor-widget elementor-widget-heading\" data-id=\"c990706\" data-element_type=\"widget\" data-e-type=\"widget\" data-widget_type=\"heading.default\">\n\t\t\t\t\t<h2 class=\"elementor-heading-title elementor-size-default\">Daniel Spuler<\/h2>\t\t\t\t<\/div>\n\t\t\t\t<div class=\"elementor-element elementor-element-b197b6c elementor-widget elementor-widget-text-editor\" data-id=\"b197b6c\" data-element_type=\"widget\" data-e-type=\"widget\" data-widget_type=\"text-editor.default\">\n\t\t\t\t\t\t\t\t\t<p>Logistics &amp; Assembly<\/p>\t\t\t\t\t\t\t\t<\/div>\n\t\t\t\t<\/div>\n\t\t<div class=\"elementor-element elementor-element-ca9cc05 e-con-full e-flex e-con e-child\" data-id=\"ca9cc05\" data-element_type=\"container\" data-e-type=\"container\">\n\t\t\t\t<div class=\"elementor-element elementor-element-fa414bc elementor-widget elementor-widget-image\" data-id=\"fa414bc\" data-element_type=\"widget\" data-e-type=\"widget\" data-widget_type=\"image.default\">\n\t\t\t\t\t\t\t\t\t\t\t\t\t\t\t<img loading=\"lazy\" decoding=\"async\" width=\"1024\" height=\"1024\" src=\"https:\/\/weibelmoebel-preview.ch\/wp-content\/uploads\/2026\/03\/team-6.jpg\" class=\"attachment-full size-full wp-image-2752\" alt=\"\" srcset=\"https:\/\/weibelmoebel-preview.ch\/wp-content\/uploads\/2026\/03\/team-6.jpg 1024w, https:\/\/weibelmoebel-preview.ch\/wp-content\/uploads\/2026\/03\/team-6-300x300.jpg 300w, https:\/\/weibelmoebel-preview.ch\/wp-content\/uploads\/2026\/03\/team-6-150x150.jpg 150w, https:\/\/weibelmoebel-preview.ch\/wp-content\/uploads\/2026\/03\/team-6-768x768.jpg 768w, https:\/\/weibelmoebel-preview.ch\/wp-content\/uploads\/2026\/03\/team-6-12x12.jpg 12w, https:\/\/weibelmoebel-preview.ch\/wp-content\/uploads\/2026\/03\/team-6-600x600.jpg 600w, https:\/\/weibelmoebel-preview.ch\/wp-content\/uploads\/2026\/03\/team-6-100x100.jpg 100w, https:\/\/weibelmoebel-preview.ch\/wp-content\/uploads\/2026\/03\/team-6-64x64.jpg 64w\" sizes=\"(max-width: 1024px) 100vw, 1024px\" \/>\t\t\t\t\t\t\t\t\t\t\t\t\t\t\t<\/div>\n\t\t\t\t<div class=\"elementor-element elementor-element-3808e80 elementor-widget elementor-widget-heading\" data-id=\"3808e80\" data-element_type=\"widget\" data-e-type=\"widget\" data-widget_type=\"heading.default\">\n\t\t\t\t\t<h2 class=\"elementor-heading-title elementor-size-default\">Laura Brunner<\/h2>\t\t\t\t<\/div>\n\t\t\t\t<div class=\"elementor-element elementor-element-a4c7fb5 elementor-widget elementor-widget-text-editor\" data-id=\"a4c7fb5\" data-element_type=\"widget\" data-e-type=\"widget\" data-widget_type=\"text-editor.default\">\n\t\t\t\t\t\t\t\t\t<p>Interior design consultant<\/p>\t\t\t\t\t\t\t\t<\/div>\n\t\t\t\t<\/div>\n\t\t\t\t<\/div>\n\t\t\t\t<\/div>\n\t\t\t\t\t<\/div>\n\t\t\t\t<\/div>\n\t\t\t\t<\/div>","protected":false},"excerpt":{"rendered":"<p>\u00dcber uns Willkommen bei Weibel M\u00f6bel. Seit \u00fcber 150 Jahren verbinden wir Schweizer Handwerkstradition mit zeitgen\u00f6ssischem Design. Unser Anspruch ist [&hellip;]<\/p>\n","protected":false},"author":3,"featured_media":0,"parent":0,"menu_order":0,"comment_status":"closed","ping_status":"closed","template":"elementor_header_footer","meta":{"_acf_changed":false,"site-sidebar-layout":"no-sidebar","site-content-layout":"","ast-site-content-layout":"full-width-container","site-content-style":"default","site-sidebar-style":"default","ast-global-header-display":"","ast-banner-title-visibility":"","ast-main-header-display":"","ast-hfb-above-header-display":"","ast-hfb-below-header-display":"","ast-hfb-mobile-header-display":"","site-post-title":"","ast-breadcrumbs-content":"","ast-featured-img":"disabled","footer-sml-layout":"","ast-disable-related-posts":"","theme-transparent-header-meta":"default","adv-header-id-meta":"","stick-header-meta":"","header-above-stick-meta":"","header-main-stick-meta":"","header-below-stick-meta":"","astra-migrate-meta-layouts":"set","ast-page-background-enabled":"default","ast-page-background-meta":{"desktop":{"background-color":"var(--ast-global-color-5)","background-image":"","background-repeat":"repeat","background-position":"center center","background-size":"auto","background-attachment":"scroll","background-type":"","background-media":"","overlay-type":"","overlay-color":"","overlay-opacity":"","overlay-gradient":""},"tablet":{"background-color":"","background-image":"","background-repeat":"repeat","background-position":"center center","background-size":"auto","background-attachment":"scroll","background-type":"","background-media":"","overlay-type":"","overlay-color":"","overlay-opacity":"","overlay-gradient":""},"mobile":{"background-color":"","background-image":"","background-repeat":"repeat","background-position":"center center","background-size":"auto","background-attachment":"scroll","background-type":"","background-media":"","overlay-type":"","overlay-color":"","overlay-opacity":"","overlay-gradient":""}},"ast-content-background-meta":{"desktop":{"background-color":"var(--ast-global-color-4)","background-image":"","background-repeat":"repeat","background-position":"center center","background-size":"auto","background-attachment":"scroll","background-type":"","background-media":"","overlay-type":"","overlay-color":"","overlay-opacity":"","overlay-gradient":""},"tablet":{"background-color":"var(--ast-global-color-4)","background-image":"","background-repeat":"repeat","background-position":"center center","background-size":"auto","background-attachment":"scroll","background-type":"","background-media":"","overlay-type":"","overlay-color":"","overlay-opacity":"","overlay-gradient":""},"mobile":{"background-color":"var(--ast-global-color-4)","background-image":"","background-repeat":"repeat","background-position":"center center","background-size":"auto","background-attachment":"scroll","background-type":"","background-media":"","overlay-type":"","overlay-color":"","overlay-opacity":"","overlay-gradient":""}},"footnotes":""},"class_list":["post-21","page","type-page","status-publish","hentry"],"acf":[],"_links":{"self":[{"href":"https:\/\/weibelmoebel-preview.ch\/en\/wp-json\/wp\/v2\/pages\/21","targetHints":{"allow":["GET"]}}],"collection":[{"href":"https:\/\/weibelmoebel-preview.ch\/en\/wp-json\/wp\/v2\/pages"}],"about":[{"href":"https:\/\/weibelmoebel-preview.ch\/en\/wp-json\/wp\/v2\/types\/page"}],"author":[{"embeddable":true,"href":"https:\/\/weibelmoebel-preview.ch\/en\/wp-json\/wp\/v2\/users\/3"}],"replies":[{"embeddable":true,"href":"https:\/\/weibelmoebel-preview.ch\/en\/wp-json\/wp\/v2\/comments?post=21"}],"version-history":[{"count":182,"href":"https:\/\/weibelmoebel-preview.ch\/en\/wp-json\/wp\/v2\/pages\/21\/revisions"}],"predecessor-version":[{"id":6011,"href":"https:\/\/weibelmoebel-preview.ch\/en\/wp-json\/wp\/v2\/pages\/21\/revisions\/6011"}],"wp:attachment":[{"href":"https:\/\/weibelmoebel-preview.ch\/en\/wp-json\/wp\/v2\/media?parent=21"}],"curies":[{"name":"wp","href":"https:\/\/api.w.org\/{rel}","templated":true}]}}