{"id":2527,"date":"2026-03-02T04:14:13","date_gmt":"2026-03-02T04:14:13","guid":{"rendered":"https:\/\/erzengelmg.r2ait.in\/?page_id=2527"},"modified":"2026-03-27T05:34:17","modified_gmt":"2026-03-27T05:34:17","slug":"shop","status":"publish","type":"page","link":"https:\/\/weibelmoebel-preview.ch\/en\/shop\/","title":{"rendered":"Shop"},"content":{"rendered":"<div data-elementor-type=\"wp-page\" data-elementor-id=\"2527\" class=\"elementor elementor-2527\" data-elementor-post-type=\"page\">\n\t\t\t\t<div class=\"elementor-element elementor-element-c502f99 e-flex e-con-boxed e-con e-parent\" data-id=\"c502f99\" data-element_type=\"container\" data-e-type=\"container\">\n\t\t\t\t\t<div class=\"e-con-inner\">\n\t\t<div class=\"elementor-element elementor-element-a67bfaf e-con-full e-flex e-con e-child\" data-id=\"a67bfaf\" data-element_type=\"container\" data-e-type=\"container\">\n\t\t\t\t<div class=\"elementor-element elementor-element-0d2f130 elementor-widget elementor-widget-heading\" data-id=\"0d2f130\" data-element_type=\"widget\" data-e-type=\"widget\" data-widget_type=\"heading.default\">\n\t\t\t\t\t<h2 class=\"elementor-heading-title elementor-size-default\">Online Shop <\/h2>\t\t\t\t<\/div>\n\t\t\t\t<div class=\"elementor-element elementor-element-a74377f elementor-widget elementor-widget-text-editor\" data-id=\"a74377f\" data-element_type=\"widget\" data-e-type=\"widget\" data-widget_type=\"text-editor.default\">\n\t\t\t\t\t\t\t\t\t<p>Carefully selected furniture and accessories for modern living.<\/p>\t\t\t\t\t\t\t\t<\/div>\n\t\t\t\t<\/div>\n\t\t\t\t\t<\/div>\n\t\t\t\t<\/div>\n\t\t<div class=\"elementor-element elementor-element-70ecfdb e-flex e-con-boxed e-con e-parent\" data-id=\"70ecfdb\" data-element_type=\"container\" data-e-type=\"container\">\n\t\t\t\t\t<div class=\"e-con-inner\">\n\t\t<div class=\"elementor-element elementor-element-c6fe0fe e-con-full e-flex e-con e-child\" data-id=\"c6fe0fe\" data-element_type=\"container\" data-e-type=\"container\">\n\t\t<div class=\"elementor-element elementor-element-0dba3e8 e-grid e-con-full e-con e-child\" data-id=\"0dba3e8\" data-element_type=\"container\" data-e-type=\"container\">\n\t\t<div class=\"elementor-element elementor-element-1e64325 e-con-full e-flex e-con e-child\" data-id=\"1e64325\" data-element_type=\"container\" data-e-type=\"container\">\n\t\t\t\t<div class=\"elementor-element elementor-element-07f5ea1 elementor-widget elementor-widget-image\" data-id=\"07f5ea1\" data-element_type=\"widget\" data-e-type=\"widget\" data-widget_type=\"image.default\">\n\t\t\t\t\t\t\t\t\t\t\t\t\t\t\t\t<a href=\"https:\/\/weibelmoebel-preview.ch\/en\/product-category\/neuheiten\/\">\n\t\t\t\t\t\t\t<img fetchpriority=\"high\" decoding=\"async\" width=\"314\" height=\"314\" src=\"https:\/\/weibelmoebel-preview.ch\/wp-content\/uploads\/2026\/02\/Untitled-design-2026-02-20T104403.961.png\" class=\"attachment-full size-full wp-image-1621\" alt=\"\" srcset=\"https:\/\/weibelmoebel-preview.ch\/wp-content\/uploads\/2026\/02\/Untitled-design-2026-02-20T104403.961.png 314w, https:\/\/weibelmoebel-preview.ch\/wp-content\/uploads\/2026\/02\/Untitled-design-2026-02-20T104403.961-300x300.png 300w, https:\/\/weibelmoebel-preview.ch\/wp-content\/uploads\/2026\/02\/Untitled-design-2026-02-20T104403.961-150x150.png 150w, https:\/\/weibelmoebel-preview.ch\/wp-content\/uploads\/2026\/02\/Untitled-design-2026-02-20T104403.961-100x100.png 100w\" sizes=\"(max-width: 314px) 100vw, 314px\" \/>\t\t\t\t\t\t\t\t<\/a>\n\t\t\t\t\t\t\t\t\t\t\t\t\t\t\t<\/div>\n\t\t\t\t<div class=\"elementor-element elementor-element-3068039 elementor-widget elementor-widget-heading\" data-id=\"3068039\" data-element_type=\"widget\" data-e-type=\"widget\" data-widget_type=\"heading.default\">\n\t\t\t\t\t<h2 class=\"elementor-heading-title elementor-size-default\"><a href=\"https:\/\/weibelmoebel-preview.ch\/en\/product-category\/neuheiten\/\">New<\/a><\/h2>\t\t\t\t<\/div>\n\t\t\t\t<div class=\"elementor-element elementor-element-ce78b37 elementor-widget elementor-widget-text-editor\" data-id=\"ce78b37\" data-element_type=\"widget\" data-e-type=\"widget\" data-widget_type=\"text-editor.default\">\n\t\t\t\t\t\t\t\t\tThe latest additions to our collection.\t\t\t\t\t\t\t\t<\/div>\n\t\t\t\t<\/div>\n\t\t<div class=\"elementor-element elementor-element-bf379a3 e-con-full e-flex e-con e-child\" data-id=\"bf379a3\" data-element_type=\"container\" data-e-type=\"container\">\n\t\t\t\t<div class=\"elementor-element elementor-element-32ed968 elementor-widget elementor-widget-image\" data-id=\"32ed968\" data-element_type=\"widget\" data-e-type=\"widget\" data-widget_type=\"image.default\">\n\t\t\t\t\t\t\t\t\t\t\t\t\t\t\t\t<a href=\"https:\/\/weibelmoebel-preview.ch\/en\/product-category\/sale\/\">\n\t\t\t\t\t\t\t<img decoding=\"async\" width=\"314\" height=\"314\" src=\"https:\/\/weibelmoebel-preview.ch\/wp-content\/uploads\/2026\/02\/Untitled-design-2026-02-20T103820.823.png\" class=\"attachment-full size-full wp-image-1619\" alt=\"\" srcset=\"https:\/\/weibelmoebel-preview.ch\/wp-content\/uploads\/2026\/02\/Untitled-design-2026-02-20T103820.823.png 314w, https:\/\/weibelmoebel-preview.ch\/wp-content\/uploads\/2026\/02\/Untitled-design-2026-02-20T103820.823-300x300.png 300w, https:\/\/weibelmoebel-preview.ch\/wp-content\/uploads\/2026\/02\/Untitled-design-2026-02-20T103820.823-150x150.png 150w, https:\/\/weibelmoebel-preview.ch\/wp-content\/uploads\/2026\/02\/Untitled-design-2026-02-20T103820.823-100x100.png 100w\" sizes=\"(max-width: 314px) 100vw, 314px\" \/>\t\t\t\t\t\t\t\t<\/a>\n\t\t\t\t\t\t\t\t\t\t\t\t\t\t\t<\/div>\n\t\t\t\t<div class=\"elementor-element elementor-element-a0636d6 elementor-widget elementor-widget-heading\" data-id=\"a0636d6\" data-element_type=\"widget\" data-e-type=\"widget\" data-widget_type=\"heading.default\">\n\t\t\t\t\t<h2 class=\"elementor-heading-title elementor-size-default\"><a href=\"https:\/\/weibelmoebel-preview.ch\/en\/product-category\/sale\/\">Sale<\/a><\/h2>\t\t\t\t<\/div>\n\t\t\t\t<div class=\"elementor-element elementor-element-a69b5c0 elementor-widget elementor-widget-text-editor\" data-id=\"a69b5c0\" data-element_type=\"widget\" data-e-type=\"widget\" data-widget_type=\"text-editor.default\">\n\t\t\t\t\t\t\t\t\tSelected pieces at exceptional prices.\t\t\t\t\t\t\t\t<\/div>\n\t\t\t\t<\/div>\n\t\t<div class=\"elementor-element elementor-element-2a6cf88 e-con-full e-flex e-con e-child\" data-id=\"2a6cf88\" data-element_type=\"container\" data-e-type=\"container\">\n\t\t\t\t<div class=\"elementor-element elementor-element-ede0128 elementor-widget elementor-widget-image\" data-id=\"ede0128\" data-element_type=\"widget\" data-e-type=\"widget\" data-widget_type=\"image.default\">\n\t\t\t\t\t\t\t\t\t\t\t\t\t\t\t\t<a href=\"https:\/\/weibelmoebel-preview.ch\/en\/product-category\/mobel\/\">\n\t\t\t\t\t\t\t<img decoding=\"async\" width=\"314\" height=\"314\" src=\"https:\/\/weibelmoebel-preview.ch\/wp-content\/uploads\/2026\/02\/Untitled-design-2026-02-20T103959.439.png\" class=\"attachment-full size-full wp-image-1617\" alt=\"\" srcset=\"https:\/\/weibelmoebel-preview.ch\/wp-content\/uploads\/2026\/02\/Untitled-design-2026-02-20T103959.439.png 314w, https:\/\/weibelmoebel-preview.ch\/wp-content\/uploads\/2026\/02\/Untitled-design-2026-02-20T103959.439-300x300.png 300w, https:\/\/weibelmoebel-preview.ch\/wp-content\/uploads\/2026\/02\/Untitled-design-2026-02-20T103959.439-150x150.png 150w, https:\/\/weibelmoebel-preview.ch\/wp-content\/uploads\/2026\/02\/Untitled-design-2026-02-20T103959.439-100x100.png 100w\" sizes=\"(max-width: 314px) 100vw, 314px\" \/>\t\t\t\t\t\t\t\t<\/a>\n\t\t\t\t\t\t\t\t\t\t\t\t\t\t\t<\/div>\n\t\t\t\t<div class=\"elementor-element elementor-element-52c1cb2 elementor-widget elementor-widget-heading\" data-id=\"52c1cb2\" data-element_type=\"widget\" data-e-type=\"widget\" data-widget_type=\"heading.default\">\n\t\t\t\t\t<h2 class=\"elementor-heading-title elementor-size-default\"><a href=\"https:\/\/weibelmoebel-preview.ch\/en\/product-category\/mobel\/\">Furniture<\/a><\/h2>\t\t\t\t<\/div>\n\t\t\t\t<div class=\"elementor-element elementor-element-3b6eec2 elementor-widget elementor-widget-text-editor\" data-id=\"3b6eec2\" data-element_type=\"widget\" data-e-type=\"widget\" data-widget_type=\"text-editor.default\">\n\t\t\t\t\t\t\t\t\t<div class=\"mt-4 space-y-1\"><p class=\"text-sm text-muted-foreground\"><span dir=\"auto\">Timeless pieces for every room.<\/span><\/p><\/div>\t\t\t\t\t\t\t\t<\/div>\n\t\t\t\t<\/div>\n\t\t<div class=\"elementor-element elementor-element-09d3e2a e-con-full e-flex e-con e-child\" data-id=\"09d3e2a\" data-element_type=\"container\" data-e-type=\"container\">\n\t\t\t\t<div class=\"elementor-element elementor-element-89c1603 elementor-widget elementor-widget-image\" data-id=\"89c1603\" data-element_type=\"widget\" data-e-type=\"widget\" data-widget_type=\"image.default\">\n\t\t\t\t\t\t\t\t\t\t\t\t\t\t\t\t<a href=\"https:\/\/weibelmoebel-preview.ch\/en\/product-category\/schlafen\/\">\n\t\t\t\t\t\t\t<img decoding=\"async\" width=\"314\" height=\"314\" src=\"https:\/\/weibelmoebel-preview.ch\/wp-content\/uploads\/2026\/02\/Untitled-design-2026-02-20T103820.823.png\" class=\"attachment-full size-full wp-image-1619\" alt=\"\" srcset=\"https:\/\/weibelmoebel-preview.ch\/wp-content\/uploads\/2026\/02\/Untitled-design-2026-02-20T103820.823.png 314w, https:\/\/weibelmoebel-preview.ch\/wp-content\/uploads\/2026\/02\/Untitled-design-2026-02-20T103820.823-300x300.png 300w, https:\/\/weibelmoebel-preview.ch\/wp-content\/uploads\/2026\/02\/Untitled-design-2026-02-20T103820.823-150x150.png 150w, https:\/\/weibelmoebel-preview.ch\/wp-content\/uploads\/2026\/02\/Untitled-design-2026-02-20T103820.823-100x100.png 100w\" sizes=\"(max-width: 314px) 100vw, 314px\" \/>\t\t\t\t\t\t\t\t<\/a>\n\t\t\t\t\t\t\t\t\t\t\t\t\t\t\t<\/div>\n\t\t\t\t<div class=\"elementor-element elementor-element-5e27563 elementor-widget elementor-widget-heading\" data-id=\"5e27563\" data-element_type=\"widget\" data-e-type=\"widget\" data-widget_type=\"heading.default\">\n\t\t\t\t\t<h2 class=\"elementor-heading-title elementor-size-default\"><a href=\"https:\/\/weibelmoebel-preview.ch\/en\/product-category\/schlafen\/\">Sleep<\/a><\/h2>\t\t\t\t<\/div>\n\t\t\t\t<div class=\"elementor-element elementor-element-acea4ec elementor-widget elementor-widget-text-editor\" data-id=\"acea4ec\" data-element_type=\"widget\" data-e-type=\"widget\" data-widget_type=\"text-editor.default\">\n\t\t\t\t\t\t\t\t\t<div class=\"mt-4 space-y-1\"><p class=\"text-sm text-muted-foreground\"><span dir=\"auto\">Everything you need for restful nights.<\/span><\/p><\/div>\t\t\t\t\t\t\t\t<\/div>\n\t\t\t\t<\/div>\n\t\t<div class=\"elementor-element elementor-element-add1539 e-con-full e-flex e-con e-child\" data-id=\"add1539\" data-element_type=\"container\" data-e-type=\"container\">\n\t\t\t\t<div class=\"elementor-element elementor-element-4bd6fe5 elementor-widget elementor-widget-image\" data-id=\"4bd6fe5\" data-element_type=\"widget\" data-e-type=\"widget\" data-widget_type=\"image.default\">\n\t\t\t\t\t\t\t\t\t\t\t\t\t\t\t\t<a href=\"https:\/\/weibelmoebel-preview.ch\/en\/product-category\/outdoor\/\">\n\t\t\t\t\t\t\t<img loading=\"lazy\" decoding=\"async\" width=\"314\" height=\"314\" src=\"https:\/\/weibelmoebel-preview.ch\/wp-content\/uploads\/2026\/03\/Untitled-design-22.png\" class=\"attachment-full size-full wp-image-6019\" alt=\"\" srcset=\"https:\/\/weibelmoebel-preview.ch\/wp-content\/uploads\/2026\/03\/Untitled-design-22.png 314w, https:\/\/weibelmoebel-preview.ch\/wp-content\/uploads\/2026\/03\/Untitled-design-22-300x300.png 300w, https:\/\/weibelmoebel-preview.ch\/wp-content\/uploads\/2026\/03\/Untitled-design-22-150x150.png 150w, https:\/\/weibelmoebel-preview.ch\/wp-content\/uploads\/2026\/03\/Untitled-design-22-12x12.png 12w, https:\/\/weibelmoebel-preview.ch\/wp-content\/uploads\/2026\/03\/Untitled-design-22-100x100.png 100w, https:\/\/weibelmoebel-preview.ch\/wp-content\/uploads\/2026\/03\/Untitled-design-22-64x64.png 64w\" sizes=\"(max-width: 314px) 100vw, 314px\" \/>\t\t\t\t\t\t\t\t<\/a>\n\t\t\t\t\t\t\t\t\t\t\t\t\t\t\t<\/div>\n\t\t\t\t<div class=\"elementor-element elementor-element-db4ce17 elementor-widget elementor-widget-heading\" data-id=\"db4ce17\" data-element_type=\"widget\" data-e-type=\"widget\" data-widget_type=\"heading.default\">\n\t\t\t\t\t<h2 class=\"elementor-heading-title elementor-size-default\"><a href=\"https:\/\/weibelmoebel-preview.ch\/en\/product-category\/outdoor\/\">Outdoor<\/a><\/h2>\t\t\t\t<\/div>\n\t\t\t\t<div class=\"elementor-element elementor-element-4778728 elementor-widget elementor-widget-text-editor\" data-id=\"4778728\" data-element_type=\"widget\" data-e-type=\"widget\" data-widget_type=\"text-editor.default\">\n\t\t\t\t\t\t\t\t\t<div class=\"mt-4 space-y-1\"><p class=\"text-sm text-muted-foreground\"><span dir=\"auto\">Comfort for your outdoor areas.<\/span><\/p><\/div>\t\t\t\t\t\t\t\t<\/div>\n\t\t\t\t<\/div>\n\t\t<div class=\"elementor-element elementor-element-c769582 e-con-full e-flex e-con e-child\" data-id=\"c769582\" data-element_type=\"container\" data-e-type=\"container\">\n\t\t\t\t<div class=\"elementor-element elementor-element-dea56b9 elementor-widget elementor-widget-image\" data-id=\"dea56b9\" data-element_type=\"widget\" data-e-type=\"widget\" data-widget_type=\"image.default\">\n\t\t\t\t\t\t\t\t\t\t\t\t\t\t\t\t<a href=\"https:\/\/weibelmoebel-preview.ch\/en\/product-category\/beleuchtung\/\">\n\t\t\t\t\t\t\t<img loading=\"lazy\" decoding=\"async\" width=\"314\" height=\"314\" src=\"https:\/\/weibelmoebel-preview.ch\/wp-content\/uploads\/2026\/03\/Untitled-design-1-11.png\" class=\"attachment-full size-full wp-image-6020\" alt=\"\" srcset=\"https:\/\/weibelmoebel-preview.ch\/wp-content\/uploads\/2026\/03\/Untitled-design-1-11.png 314w, https:\/\/weibelmoebel-preview.ch\/wp-content\/uploads\/2026\/03\/Untitled-design-1-11-300x300.png 300w, https:\/\/weibelmoebel-preview.ch\/wp-content\/uploads\/2026\/03\/Untitled-design-1-11-150x150.png 150w, https:\/\/weibelmoebel-preview.ch\/wp-content\/uploads\/2026\/03\/Untitled-design-1-11-12x12.png 12w, https:\/\/weibelmoebel-preview.ch\/wp-content\/uploads\/2026\/03\/Untitled-design-1-11-100x100.png 100w, https:\/\/weibelmoebel-preview.ch\/wp-content\/uploads\/2026\/03\/Untitled-design-1-11-64x64.png 64w\" sizes=\"(max-width: 314px) 100vw, 314px\" \/>\t\t\t\t\t\t\t\t<\/a>\n\t\t\t\t\t\t\t\t\t\t\t\t\t\t\t<\/div>\n\t\t\t\t<div class=\"elementor-element elementor-element-137ee80 elementor-widget elementor-widget-heading\" data-id=\"137ee80\" data-element_type=\"widget\" data-e-type=\"widget\" data-widget_type=\"heading.default\">\n\t\t\t\t\t<h2 class=\"elementor-heading-title elementor-size-default\"><a href=\"https:\/\/weibelmoebel-preview.ch\/en\/product-category\/beleuchtung\/\">lighting<\/a><\/h2>\t\t\t\t<\/div>\n\t\t\t\t<div class=\"elementor-element elementor-element-7f02272 elementor-widget elementor-widget-text-editor\" data-id=\"7f02272\" data-element_type=\"widget\" data-e-type=\"widget\" data-widget_type=\"text-editor.default\">\n\t\t\t\t\t\t\t\t\t<div class=\"mt-4 space-y-1\"><p class=\"text-sm text-muted-foreground\"><span dir=\"auto\">Create the right atmosphere in every room.<\/span><\/p><\/div>\t\t\t\t\t\t\t\t<\/div>\n\t\t\t\t<\/div>\n\t\t<div class=\"elementor-element elementor-element-c6e91e8 e-con-full e-flex e-con e-child\" data-id=\"c6e91e8\" data-element_type=\"container\" data-e-type=\"container\">\n\t\t\t\t<div class=\"elementor-element elementor-element-a1ea554 elementor-widget elementor-widget-image\" data-id=\"a1ea554\" data-element_type=\"widget\" data-e-type=\"widget\" data-widget_type=\"image.default\">\n\t\t\t\t\t\t\t\t\t\t\t\t\t\t\t\t<a href=\"https:\/\/weibelmoebel-preview.ch\/en\/product-category\/textilien\/\">\n\t\t\t\t\t\t\t<img loading=\"lazy\" decoding=\"async\" width=\"314\" height=\"314\" src=\"https:\/\/weibelmoebel-preview.ch\/wp-content\/uploads\/2026\/03\/Untitled-design-2-11.png\" class=\"attachment-full size-full wp-image-6021\" alt=\"\" srcset=\"https:\/\/weibelmoebel-preview.ch\/wp-content\/uploads\/2026\/03\/Untitled-design-2-11.png 314w, https:\/\/weibelmoebel-preview.ch\/wp-content\/uploads\/2026\/03\/Untitled-design-2-11-300x300.png 300w, https:\/\/weibelmoebel-preview.ch\/wp-content\/uploads\/2026\/03\/Untitled-design-2-11-150x150.png 150w, https:\/\/weibelmoebel-preview.ch\/wp-content\/uploads\/2026\/03\/Untitled-design-2-11-12x12.png 12w, https:\/\/weibelmoebel-preview.ch\/wp-content\/uploads\/2026\/03\/Untitled-design-2-11-100x100.png 100w, https:\/\/weibelmoebel-preview.ch\/wp-content\/uploads\/2026\/03\/Untitled-design-2-11-64x64.png 64w\" sizes=\"(max-width: 314px) 100vw, 314px\" \/>\t\t\t\t\t\t\t\t<\/a>\n\t\t\t\t\t\t\t\t\t\t\t\t\t\t\t<\/div>\n\t\t\t\t<div class=\"elementor-element elementor-element-bc80e1b elementor-widget elementor-widget-heading\" data-id=\"bc80e1b\" data-element_type=\"widget\" data-e-type=\"widget\" data-widget_type=\"heading.default\">\n\t\t\t\t\t<h2 class=\"elementor-heading-title elementor-size-default\"><a href=\"https:\/\/weibelmoebel-preview.ch\/en\/product-category\/textilien\/\">Textiles<\/a><\/h2>\t\t\t\t<\/div>\n\t\t\t\t<div class=\"elementor-element elementor-element-c1b1bdc elementor-widget elementor-widget-text-editor\" data-id=\"c1b1bdc\" data-element_type=\"widget\" data-e-type=\"widget\" data-widget_type=\"text-editor.default\">\n\t\t\t\t\t\t\t\t\t<div class=\"mt-4 space-y-1\"><p class=\"text-sm text-muted-foreground\"><span dir=\"auto\">Soft textures and natural fabrics.<\/span><\/p><\/div>\t\t\t\t\t\t\t\t<\/div>\n\t\t\t\t<\/div>\n\t\t<div class=\"elementor-element elementor-element-e4e25b9 e-con-full e-flex e-con e-child\" data-id=\"e4e25b9\" data-element_type=\"container\" data-e-type=\"container\">\n\t\t\t\t<div class=\"elementor-element elementor-element-305d13c elementor-widget elementor-widget-image\" data-id=\"305d13c\" data-element_type=\"widget\" data-e-type=\"widget\" data-widget_type=\"image.default\">\n\t\t\t\t\t\t\t\t\t\t\t\t\t\t\t\t<a href=\"https:\/\/weibelmoebel-preview.ch\/en\/product-category\/accessoires\/\">\n\t\t\t\t\t\t\t<img loading=\"lazy\" decoding=\"async\" width=\"314\" height=\"314\" src=\"https:\/\/weibelmoebel-preview.ch\/wp-content\/uploads\/2026\/03\/Untitled-design-3-8.png\" class=\"attachment-full size-full wp-image-6022\" alt=\"\" srcset=\"https:\/\/weibelmoebel-preview.ch\/wp-content\/uploads\/2026\/03\/Untitled-design-3-8.png 314w, https:\/\/weibelmoebel-preview.ch\/wp-content\/uploads\/2026\/03\/Untitled-design-3-8-300x300.png 300w, https:\/\/weibelmoebel-preview.ch\/wp-content\/uploads\/2026\/03\/Untitled-design-3-8-150x150.png 150w, https:\/\/weibelmoebel-preview.ch\/wp-content\/uploads\/2026\/03\/Untitled-design-3-8-12x12.png 12w, https:\/\/weibelmoebel-preview.ch\/wp-content\/uploads\/2026\/03\/Untitled-design-3-8-100x100.png 100w, https:\/\/weibelmoebel-preview.ch\/wp-content\/uploads\/2026\/03\/Untitled-design-3-8-64x64.png 64w\" sizes=\"(max-width: 314px) 100vw, 314px\" \/>\t\t\t\t\t\t\t\t<\/a>\n\t\t\t\t\t\t\t\t\t\t\t\t\t\t\t<\/div>\n\t\t\t\t<div class=\"elementor-element elementor-element-4c4c95f elementor-widget elementor-widget-heading\" data-id=\"4c4c95f\" data-element_type=\"widget\" data-e-type=\"widget\" data-widget_type=\"heading.default\">\n\t\t\t\t\t<h2 class=\"elementor-heading-title elementor-size-default\"><a href=\"https:\/\/weibelmoebel-preview.ch\/en\/product-category\/accessoires\/\">Accesories<\/a><\/h2>\t\t\t\t<\/div>\n\t\t\t\t<div class=\"elementor-element elementor-element-04e25be elementor-widget elementor-widget-text-editor\" data-id=\"04e25be\" data-element_type=\"widget\" data-e-type=\"widget\" data-widget_type=\"text-editor.default\">\n\t\t\t\t\t\t\t\t\t<div class=\"mt-4 space-y-1\"><p class=\"text-sm text-muted-foreground\"><span dir=\"auto\">The finishing touch for your home.<\/span><\/p><\/div>\t\t\t\t\t\t\t\t<\/div>\n\t\t\t\t<\/div>\n\t\t\t\t<\/div>\n\t\t\t\t<\/div>\n\t\t\t\t\t<\/div>\n\t\t\t\t<\/div>\n\t\t\t\t<\/div>","protected":false},"excerpt":{"rendered":"<p>Online Shop Sorgf\u00e4ltig ausgew\u00e4hlte M\u00f6bel und Accessoires f\u00fcr modernes Wohnen. Neuheiten Die neuesten Zug\u00e4nge zu unserer Kollektion. Sale Ausgew\u00e4hlte St\u00fccke [&hellip;]<\/p>\n","protected":false},"author":3,"featured_media":0,"parent":0,"menu_order":0,"comment_status":"closed","ping_status":"closed","template":"elementor_header_footer","meta":{"_acf_changed":false,"site-sidebar-layout":"no-sidebar","site-content-layout":"","ast-site-content-layout":"full-width-container","site-content-style":"default","site-sidebar-style":"default","ast-global-header-display":"","ast-banner-title-visibility":"","ast-main-header-display":"","ast-hfb-above-header-display":"","ast-hfb-below-header-display":"","ast-hfb-mobile-header-display":"","site-post-title":"","ast-breadcrumbs-content":"","ast-featured-img":"disabled","footer-sml-layout":"","ast-disable-related-posts":"","theme-transparent-header-meta":"default","adv-header-id-meta":"","stick-header-meta":"","header-above-stick-meta":"","header-main-stick-meta":"","header-below-stick-meta":"","astra-migrate-meta-layouts":"set","ast-page-background-enabled":"default","ast-page-background-meta":{"desktop":{"background-color":"var(--ast-global-color-5)","background-image":"","background-repeat":"repeat","background-position":"center center","background-size":"auto","background-attachment":"scroll","background-type":"","background-media":"","overlay-type":"","overlay-color":"","overlay-opacity":"","overlay-gradient":""},"tablet":{"background-color":"","background-image":"","background-repeat":"repeat","background-position":"center center","background-size":"auto","background-attachment":"scroll","background-type":"","background-media":"","overlay-type":"","overlay-color":"","overlay-opacity":"","overlay-gradient":""},"mobile":{"background-color":"","background-image":"","background-repeat":"repeat","background-position":"center center","background-size":"auto","background-attachment":"scroll","background-type":"","background-media":"","overlay-type":"","overlay-color":"","overlay-opacity":"","overlay-gradient":""}},"ast-content-background-meta":{"desktop":{"background-color":"var(--ast-global-color-4)","background-image":"","background-repeat":"repeat","background-position":"center center","background-size":"auto","background-attachment":"scroll","background-type":"","background-media":"","overlay-type":"","overlay-color":"","overlay-opacity":"","overlay-gradient":""},"tablet":{"background-color":"var(--ast-global-color-4)","background-image":"","background-repeat":"repeat","background-position":"center center","background-size":"auto","background-attachment":"scroll","background-type":"","background-media":"","overlay-type":"","overlay-color":"","overlay-opacity":"","overlay-gradient":""},"mobile":{"background-color":"var(--ast-global-color-4)","background-image":"","background-repeat":"repeat","background-position":"center center","background-size":"auto","background-attachment":"scroll","background-type":"","background-media":"","overlay-type":"","overlay-color":"","overlay-opacity":"","overlay-gradient":""}},"footnotes":""},"class_list":["post-2527","page","type-page","status-publish","hentry"],"acf":[],"_links":{"self":[{"href":"https:\/\/weibelmoebel-preview.ch\/en\/wp-json\/wp\/v2\/pages\/2527","targetHints":{"allow":["GET"]}}],"collection":[{"href":"https:\/\/weibelmoebel-preview.ch\/en\/wp-json\/wp\/v2\/pages"}],"about":[{"href":"https:\/\/weibelmoebel-preview.ch\/en\/wp-json\/wp\/v2\/types\/page"}],"author":[{"embeddable":true,"href":"https:\/\/weibelmoebel-preview.ch\/en\/wp-json\/wp\/v2\/users\/3"}],"replies":[{"embeddable":true,"href":"https:\/\/weibelmoebel-preview.ch\/en\/wp-json\/wp\/v2\/comments?post=2527"}],"version-history":[{"count":114,"href":"https:\/\/weibelmoebel-preview.ch\/en\/wp-json\/wp\/v2\/pages\/2527\/revisions"}],"predecessor-version":[{"id":6025,"href":"https:\/\/weibelmoebel-preview.ch\/en\/wp-json\/wp\/v2\/pages\/2527\/revisions\/6025"}],"wp:attachment":[{"href":"https:\/\/weibelmoebel-preview.ch\/en\/wp-json\/wp\/v2\/media?parent=2527"}],"curies":[{"name":"wp","href":"https:\/\/api.w.org\/{rel}","templated":true}]}}