{"id":2941,"date":"2026-03-03T10:40:19","date_gmt":"2026-03-03T10:40:19","guid":{"rendered":"https:\/\/erzengelmg.r2ait.in\/?page_id=2941"},"modified":"2026-03-15T11:35:16","modified_gmt":"2026-03-15T11:35:16","slug":"arbeitszimmer","status":"publish","type":"page","link":"https:\/\/weibelmoebel-preview.ch\/en\/arbeitszimmer\/","title":{"rendered":"Textiles"},"content":{"rendered":"<div data-elementor-type=\"wp-page\" data-elementor-id=\"2941\" class=\"elementor elementor-2941\" data-elementor-post-type=\"page\">\n\t\t\t\t<div class=\"elementor-element elementor-element-2143681 e-flex e-con-boxed e-con e-parent\" data-id=\"2143681\" data-element_type=\"container\" data-e-type=\"container\" data-settings=\"{&quot;background_background&quot;:&quot;classic&quot;}\">\n\t\t\t\t\t<div class=\"e-con-inner\">\n\t\t<div class=\"elementor-element elementor-element-bea7df2 e-con-full e-flex e-con e-child\" data-id=\"bea7df2\" data-element_type=\"container\" data-e-type=\"container\">\n\t\t\t\t<div class=\"elementor-element elementor-element-dabb1a8 elementor-widget elementor-widget-heading\" data-id=\"dabb1a8\" data-element_type=\"widget\" data-e-type=\"widget\" data-widget_type=\"heading.default\">\n\t\t\t\t\t<h2 class=\"elementor-heading-title elementor-size-default\">Arbeitszimmer<\/h2>\t\t\t\t<\/div>\n\t\t\t\t<\/div>\n\t\t\t\t\t<\/div>\n\t\t\t\t<\/div>\n\t\t<div class=\"elementor-element elementor-element-cf4db02 e-flex e-con-boxed e-con e-parent\" data-id=\"cf4db02\" data-element_type=\"container\" data-e-type=\"container\" data-settings=\"{&quot;background_background&quot;:&quot;classic&quot;}\">\n\t\t\t\t\t<div class=\"e-con-inner\">\n\t\t\t\t<div class=\"elementor-element elementor-element-e578f63 elementor-widget elementor-widget-text-editor\" data-id=\"e578f63\" data-element_type=\"widget\" data-e-type=\"widget\" data-widget_type=\"text-editor.default\">\n\t\t\t\t\t\t\t\t\t<p class=\"text-foreground\/70 leading-relaxed mb-4\">Entdecken Sie unsere exklusive Auswahl an hochwertigen Einrichtungsgegenst\u00e4nden dieser Kategorie. Jeder Artikel zeichnet sich durch au\u00dfergew\u00f6hnliche Verarbeitung, hochwertige Materialien und zeitloses Design aus.<\/p>\t\t\t\t\t\t\t\t<\/div>\n\t\t\t\t\t<\/div>\n\t\t\t\t<\/div>\n\t\t<div class=\"elementor-element elementor-element-968c18e e-flex e-con-boxed e-con e-parent\" data-id=\"968c18e\" data-element_type=\"container\" data-e-type=\"container\" data-settings=\"{&quot;background_background&quot;:&quot;classic&quot;}\">\n\t\t\t\t\t<div class=\"e-con-inner\">\n\t\t\t\t<div class=\"elementor-element elementor-element-54370dc elementor-widget elementor-widget-heading\" data-id=\"54370dc\" data-element_type=\"widget\" data-e-type=\"widget\" data-widget_type=\"heading.default\">\n\t\t\t\t\t<h2 class=\"elementor-heading-title elementor-size-default\">Arbeitszimmer entdecken<\/h2>\t\t\t\t<\/div>\n\t\t<div class=\"elementor-element elementor-element-22c061a e-con-full e-flex e-con e-child\" data-id=\"22c061a\" data-element_type=\"container\" data-e-type=\"container\">\n\t\t<div class=\"elementor-element elementor-element-9f8ca47 e-grid e-con-full e-con e-child\" data-id=\"9f8ca47\" data-element_type=\"container\" data-e-type=\"container\">\n\t\t<div class=\"elementor-element elementor-element-f2be8a8 e-con-full e-flex e-con e-child\" data-id=\"f2be8a8\" data-element_type=\"container\" data-e-type=\"container\">\n\t\t\t\t<div class=\"elementor-element elementor-element-38d9984 elementor-widget elementor-widget-image\" data-id=\"38d9984\" data-element_type=\"widget\" data-e-type=\"widget\" data-widget_type=\"image.default\">\n\t\t\t\t\t\t\t\t\t\t\t\t\t\t\t\t<a href=\"https:\/\/weibelmoebel-preview.ch\/en\/sofas\/\">\n\t\t\t\t\t\t\t<img fetchpriority=\"high\" decoding=\"async\" width=\"800\" height=\"800\" src=\"https:\/\/weibelmoebel-preview.ch\/wp-content\/uploads\/2026\/03\/tile-living-w0JO8-hL.jpg\" class=\"attachment-full size-full wp-image-3018\" alt=\"\" srcset=\"https:\/\/weibelmoebel-preview.ch\/wp-content\/uploads\/2026\/03\/tile-living-w0JO8-hL.jpg 800w, https:\/\/weibelmoebel-preview.ch\/wp-content\/uploads\/2026\/03\/tile-living-w0JO8-hL-300x300.jpg 300w, https:\/\/weibelmoebel-preview.ch\/wp-content\/uploads\/2026\/03\/tile-living-w0JO8-hL-150x150.jpg 150w, https:\/\/weibelmoebel-preview.ch\/wp-content\/uploads\/2026\/03\/tile-living-w0JO8-hL-768x768.jpg 768w, https:\/\/weibelmoebel-preview.ch\/wp-content\/uploads\/2026\/03\/tile-living-w0JO8-hL-12x12.jpg 12w, https:\/\/weibelmoebel-preview.ch\/wp-content\/uploads\/2026\/03\/tile-living-w0JO8-hL-600x600.jpg 600w, https:\/\/weibelmoebel-preview.ch\/wp-content\/uploads\/2026\/03\/tile-living-w0JO8-hL-100x100.jpg 100w, https:\/\/weibelmoebel-preview.ch\/wp-content\/uploads\/2026\/03\/tile-living-w0JO8-hL-64x64.jpg 64w\" sizes=\"(max-width: 800px) 100vw, 800px\" \/>\t\t\t\t\t\t\t\t<\/a>\n\t\t\t\t\t\t\t\t\t\t\t\t\t\t\t<\/div>\n\t\t\t\t<div class=\"elementor-element elementor-element-1d7de12 elementor-widget elementor-widget-heading\" data-id=\"1d7de12\" data-element_type=\"widget\" data-e-type=\"widget\" data-widget_type=\"heading.default\">\n\t\t\t\t\t<h2 class=\"elementor-heading-title elementor-size-default\"><a href=\"https:\/\/weibelmoebel-preview.ch\/en\/sofas\/\">Sofas<\/a><\/h2>\t\t\t\t<\/div>\n\t\t\t\t<\/div>\n\t\t<div class=\"elementor-element elementor-element-f815a92 e-con-full e-flex e-con e-child\" data-id=\"f815a92\" data-element_type=\"container\" data-e-type=\"container\">\n\t\t\t\t<div class=\"elementor-element elementor-element-40487f3 elementor-widget elementor-widget-image\" data-id=\"40487f3\" data-element_type=\"widget\" data-e-type=\"widget\" data-widget_type=\"image.default\">\n\t\t\t\t\t\t\t\t\t\t\t\t\t\t\t\t<a href=\"https:\/\/weibelmoebel-preview.ch\/en\/sessel\/\">\n\t\t\t\t\t\t\t<img decoding=\"async\" width=\"800\" height=\"800\" src=\"https:\/\/weibelmoebel-preview.ch\/wp-content\/uploads\/2026\/03\/tile-dining-sS5wmAZl.jpg\" class=\"attachment-full size-full wp-image-3019\" alt=\"\" srcset=\"https:\/\/weibelmoebel-preview.ch\/wp-content\/uploads\/2026\/03\/tile-dining-sS5wmAZl.jpg 800w, https:\/\/weibelmoebel-preview.ch\/wp-content\/uploads\/2026\/03\/tile-dining-sS5wmAZl-300x300.jpg 300w, https:\/\/weibelmoebel-preview.ch\/wp-content\/uploads\/2026\/03\/tile-dining-sS5wmAZl-150x150.jpg 150w, https:\/\/weibelmoebel-preview.ch\/wp-content\/uploads\/2026\/03\/tile-dining-sS5wmAZl-768x768.jpg 768w, https:\/\/weibelmoebel-preview.ch\/wp-content\/uploads\/2026\/03\/tile-dining-sS5wmAZl-12x12.jpg 12w, https:\/\/weibelmoebel-preview.ch\/wp-content\/uploads\/2026\/03\/tile-dining-sS5wmAZl-600x600.jpg 600w, https:\/\/weibelmoebel-preview.ch\/wp-content\/uploads\/2026\/03\/tile-dining-sS5wmAZl-100x100.jpg 100w, https:\/\/weibelmoebel-preview.ch\/wp-content\/uploads\/2026\/03\/tile-dining-sS5wmAZl-64x64.jpg 64w\" sizes=\"(max-width: 800px) 100vw, 800px\" \/>\t\t\t\t\t\t\t\t<\/a>\n\t\t\t\t\t\t\t\t\t\t\t\t\t\t\t<\/div>\n\t\t\t\t<div class=\"elementor-element elementor-element-00bdb99 elementor-widget elementor-widget-heading\" data-id=\"00bdb99\" data-element_type=\"widget\" data-e-type=\"widget\" data-widget_type=\"heading.default\">\n\t\t\t\t\t<h2 class=\"elementor-heading-title elementor-size-default\"><a href=\"https:\/\/weibelmoebel-preview.ch\/en\/sessel\/\">Sessel<\/a><\/h2>\t\t\t\t<\/div>\n\t\t\t\t<\/div>\n\t\t<div class=\"elementor-element elementor-element-2edec12 e-con-full e-flex e-con e-child\" data-id=\"2edec12\" data-element_type=\"container\" data-e-type=\"container\">\n\t\t\t\t<div class=\"elementor-element elementor-element-7761f07 elementor-widget elementor-widget-image\" data-id=\"7761f07\" data-element_type=\"widget\" data-e-type=\"widget\" data-widget_type=\"image.default\">\n\t\t\t\t\t\t\t\t\t\t\t\t\t\t\t\t<a href=\"https:\/\/weibelmoebel-preview.ch\/en\/sideboards\/\">\n\t\t\t\t\t\t\t<img decoding=\"async\" width=\"894\" height=\"895\" src=\"https:\/\/weibelmoebel-preview.ch\/wp-content\/uploads\/2026\/03\/715ZMNyI-9L._AC_UF8941000_QL80_.jpg\" class=\"attachment-full size-full wp-image-4523\" alt=\"\" srcset=\"https:\/\/weibelmoebel-preview.ch\/wp-content\/uploads\/2026\/03\/715ZMNyI-9L._AC_UF8941000_QL80_.jpg 894w, https:\/\/weibelmoebel-preview.ch\/wp-content\/uploads\/2026\/03\/715ZMNyI-9L._AC_UF8941000_QL80_-300x300.jpg 300w, https:\/\/weibelmoebel-preview.ch\/wp-content\/uploads\/2026\/03\/715ZMNyI-9L._AC_UF8941000_QL80_-150x150.jpg 150w, https:\/\/weibelmoebel-preview.ch\/wp-content\/uploads\/2026\/03\/715ZMNyI-9L._AC_UF8941000_QL80_-768x769.jpg 768w, https:\/\/weibelmoebel-preview.ch\/wp-content\/uploads\/2026\/03\/715ZMNyI-9L._AC_UF8941000_QL80_-12x12.jpg 12w, https:\/\/weibelmoebel-preview.ch\/wp-content\/uploads\/2026\/03\/715ZMNyI-9L._AC_UF8941000_QL80_-600x601.jpg 600w, https:\/\/weibelmoebel-preview.ch\/wp-content\/uploads\/2026\/03\/715ZMNyI-9L._AC_UF8941000_QL80_-100x100.jpg 100w, https:\/\/weibelmoebel-preview.ch\/wp-content\/uploads\/2026\/03\/715ZMNyI-9L._AC_UF8941000_QL80_-64x64.jpg 64w\" sizes=\"(max-width: 894px) 100vw, 894px\" \/>\t\t\t\t\t\t\t\t<\/a>\n\t\t\t\t\t\t\t\t\t\t\t\t\t\t\t<\/div>\n\t\t\t\t<div class=\"elementor-element elementor-element-a53f414 elementor-widget elementor-widget-heading\" data-id=\"a53f414\" data-element_type=\"widget\" data-e-type=\"widget\" data-widget_type=\"heading.default\">\n\t\t\t\t\t<h2 class=\"elementor-heading-title elementor-size-default\"><a href=\"https:\/\/weibelmoebel-preview.ch\/en\/sideboards\/\">Sideboards<\/a><\/h2>\t\t\t\t<\/div>\n\t\t\t\t<\/div>\n\t\t<div class=\"elementor-element elementor-element-ce0e44f e-con-full e-flex e-con e-child\" data-id=\"ce0e44f\" data-element_type=\"container\" data-e-type=\"container\">\n\t\t\t\t<div class=\"elementor-element elementor-element-c77ed63 elementor-widget elementor-widget-image\" data-id=\"c77ed63\" data-element_type=\"widget\" data-e-type=\"widget\" data-widget_type=\"image.default\">\n\t\t\t\t\t\t\t\t\t\t\t\t\t\t\t\t<a href=\"https:\/\/weibelmoebel-preview.ch\/en\/couchtische\/\">\n\t\t\t\t\t\t\t<img loading=\"lazy\" decoding=\"async\" width=\"800\" height=\"800\" src=\"https:\/\/weibelmoebel-preview.ch\/wp-content\/uploads\/2026\/03\/tile-outdoor-DpWaTegz.jpg\" class=\"attachment-full size-full wp-image-3022\" alt=\"\" srcset=\"https:\/\/weibelmoebel-preview.ch\/wp-content\/uploads\/2026\/03\/tile-outdoor-DpWaTegz.jpg 800w, https:\/\/weibelmoebel-preview.ch\/wp-content\/uploads\/2026\/03\/tile-outdoor-DpWaTegz-300x300.jpg 300w, https:\/\/weibelmoebel-preview.ch\/wp-content\/uploads\/2026\/03\/tile-outdoor-DpWaTegz-150x150.jpg 150w, https:\/\/weibelmoebel-preview.ch\/wp-content\/uploads\/2026\/03\/tile-outdoor-DpWaTegz-768x768.jpg 768w, https:\/\/weibelmoebel-preview.ch\/wp-content\/uploads\/2026\/03\/tile-outdoor-DpWaTegz-12x12.jpg 12w, https:\/\/weibelmoebel-preview.ch\/wp-content\/uploads\/2026\/03\/tile-outdoor-DpWaTegz-600x600.jpg 600w, https:\/\/weibelmoebel-preview.ch\/wp-content\/uploads\/2026\/03\/tile-outdoor-DpWaTegz-100x100.jpg 100w, https:\/\/weibelmoebel-preview.ch\/wp-content\/uploads\/2026\/03\/tile-outdoor-DpWaTegz-64x64.jpg 64w\" sizes=\"(max-width: 800px) 100vw, 800px\" \/>\t\t\t\t\t\t\t\t<\/a>\n\t\t\t\t\t\t\t\t\t\t\t\t\t\t\t<\/div>\n\t\t\t\t<div class=\"elementor-element elementor-element-8f5d9a2 elementor-widget elementor-widget-heading\" data-id=\"8f5d9a2\" data-element_type=\"widget\" data-e-type=\"widget\" data-widget_type=\"heading.default\">\n\t\t\t\t\t<h2 class=\"elementor-heading-title elementor-size-default\"><a href=\"https:\/\/weibelmoebel-preview.ch\/en\/couchtische\/\">Couchtische<\/a><\/h2>\t\t\t\t<\/div>\n\t\t\t\t<\/div>\n\t\t\t\t<\/div>\n\t\t\t\t<\/div>\n\t\t\t\t\t<\/div>\n\t\t\t\t<\/div>\n\t\t\t\t<\/div>","protected":false},"excerpt":{"rendered":"<p>Arbeitszimmer Entdecken Sie unsere exklusive Auswahl an hochwertigen Einrichtungsgegenst\u00e4nden dieser Kategorie. Jeder Artikel zeichnet sich durch au\u00dfergew\u00f6hnliche Verarbeitung, hochwertige Materialien [&hellip;]<\/p>\n","protected":false},"author":3,"featured_media":0,"parent":0,"menu_order":0,"comment_status":"closed","ping_status":"closed","template":"elementor_header_footer","meta":{"_acf_changed":false,"site-sidebar-layout":"no-sidebar","site-content-layout":"","ast-site-content-layout":"full-width-container","site-content-style":"default","site-sidebar-style":"default","ast-global-header-display":"","ast-banner-title-visibility":"","ast-main-header-display":"","ast-hfb-above-header-display":"","ast-hfb-below-header-display":"","ast-hfb-mobile-header-display":"","site-post-title":"","ast-breadcrumbs-content":"","ast-featured-img":"disabled","footer-sml-layout":"","ast-disable-related-posts":"","theme-transparent-header-meta":"default","adv-header-id-meta":"","stick-header-meta":"","header-above-stick-meta":"","header-main-stick-meta":"","header-below-stick-meta":"","astra-migrate-meta-layouts":"set","ast-page-background-enabled":"default","ast-page-background-meta":{"desktop":{"background-color":"var(--ast-global-color-5)","background-image":"","background-repeat":"repeat","background-position":"center center","background-size":"auto","background-attachment":"scroll","background-type":"","background-media":"","overlay-type":"","overlay-color":"","overlay-opacity":"","overlay-gradient":""},"tablet":{"background-color":"","background-image":"","background-repeat":"repeat","background-position":"center center","background-size":"auto","background-attachment":"scroll","background-type":"","background-media":"","overlay-type":"","overlay-color":"","overlay-opacity":"","overlay-gradient":""},"mobile":{"background-color":"","background-image":"","background-repeat":"repeat","background-position":"center center","background-size":"auto","background-attachment":"scroll","background-type":"","background-media":"","overlay-type":"","overlay-color":"","overlay-opacity":"","overlay-gradient":""}},"ast-content-background-meta":{"desktop":{"background-color":"var(--ast-global-color-4)","background-image":"","background-repeat":"repeat","background-position":"center center","background-size":"auto","background-attachment":"scroll","background-type":"","background-media":"","overlay-type":"","overlay-color":"","overlay-opacity":"","overlay-gradient":""},"tablet":{"background-color":"var(--ast-global-color-4)","background-image":"","background-repeat":"repeat","background-position":"center center","background-size":"auto","background-attachment":"scroll","background-type":"","background-media":"","overlay-type":"","overlay-color":"","overlay-opacity":"","overlay-gradient":""},"mobile":{"background-color":"var(--ast-global-color-4)","background-image":"","background-repeat":"repeat","background-position":"center center","background-size":"auto","background-attachment":"scroll","background-type":"","background-media":"","overlay-type":"","overlay-color":"","overlay-opacity":"","overlay-gradient":""}},"footnotes":""},"class_list":["post-2941","page","type-page","status-publish","hentry"],"acf":[],"_links":{"self":[{"href":"https:\/\/weibelmoebel-preview.ch\/en\/wp-json\/wp\/v2\/pages\/2941","targetHints":{"allow":["GET"]}}],"collection":[{"href":"https:\/\/weibelmoebel-preview.ch\/en\/wp-json\/wp\/v2\/pages"}],"about":[{"href":"https:\/\/weibelmoebel-preview.ch\/en\/wp-json\/wp\/v2\/types\/page"}],"author":[{"embeddable":true,"href":"https:\/\/weibelmoebel-preview.ch\/en\/wp-json\/wp\/v2\/users\/3"}],"replies":[{"embeddable":true,"href":"https:\/\/weibelmoebel-preview.ch\/en\/wp-json\/wp\/v2\/comments?post=2941"}],"version-history":[{"count":44,"href":"https:\/\/weibelmoebel-preview.ch\/en\/wp-json\/wp\/v2\/pages\/2941\/revisions"}],"predecessor-version":[{"id":5749,"href":"https:\/\/weibelmoebel-preview.ch\/en\/wp-json\/wp\/v2\/pages\/2941\/revisions\/5749"}],"wp:attachment":[{"href":"https:\/\/weibelmoebel-preview.ch\/en\/wp-json\/wp\/v2\/media?parent=2941"}],"curies":[{"name":"wp","href":"https:\/\/api.w.org\/{rel}","templated":true}]}}