{"id":5692,"date":"2026-03-15T11:03:40","date_gmt":"2026-03-15T11:03:40","guid":{"rendered":"https:\/\/newerzengelmg.r2ait.in\/?page_id=5692"},"modified":"2026-03-18T02:50:30","modified_gmt":"2026-03-18T02:50:30","slug":"sessel","status":"publish","type":"page","link":"https:\/\/weibelmoebel-preview.ch\/en\/sessel\/","title":{"rendered":"Sessel"},"content":{"rendered":"<div data-elementor-type=\"wp-page\" data-elementor-id=\"5692\" class=\"elementor elementor-5692\" data-elementor-post-type=\"page\">\n\t\t\t\t<div class=\"elementor-element elementor-element-b4d5ef7 e-flex e-con-boxed e-con e-parent\" data-id=\"b4d5ef7\" data-element_type=\"container\" data-e-type=\"container\" data-settings=\"{&quot;background_background&quot;:&quot;classic&quot;}\">\n\t\t\t\t\t<div class=\"e-con-inner\">\n\t\t<div class=\"elementor-element elementor-element-13a819c e-con-full e-flex e-con e-child\" data-id=\"13a819c\" data-element_type=\"container\" data-e-type=\"container\">\n\t\t\t\t<div class=\"elementor-element elementor-element-741c6e2 elementor-widget elementor-widget-heading\" data-id=\"741c6e2\" data-element_type=\"widget\" data-e-type=\"widget\" data-widget_type=\"heading.default\">\n\t\t\t\t\t<h2 class=\"elementor-heading-title elementor-size-default\">Sessel<\/h2>\t\t\t\t<\/div>\n\t\t\t\t<\/div>\n\t\t\t\t\t<\/div>\n\t\t\t\t<\/div>\n\t\t<div class=\"elementor-element elementor-element-8a045b5 e-flex e-con-boxed e-con e-parent\" data-id=\"8a045b5\" data-element_type=\"container\" data-e-type=\"container\" data-settings=\"{&quot;background_background&quot;:&quot;classic&quot;}\">\n\t\t\t\t\t<div class=\"e-con-inner\">\n\t\t\t\t<div class=\"elementor-element elementor-element-87c0a6c elementor-widget elementor-widget-text-editor\" data-id=\"87c0a6c\" data-element_type=\"widget\" data-e-type=\"widget\" data-widget_type=\"text-editor.default\">\n\t\t\t\t\t\t\t\t\t<p><span dir=\"auto\">Ein Sessel verleiht Ihrem Wohnraum Komfort und Pers\u00f6nlichkeit. <\/span><span dir=\"auto\">Unsere Kollektion umfasst sorgf\u00e4ltig ausgew\u00e4hlte St\u00fccke, die Design und Entspannung vereinen. <\/span><span dir=\"auto\">Gefertigt aus hochwertigen Materialien und mit meisterhafter Handwerkskunst <\/span><br data-start=\"1358\" data-end=\"1361\" \/><span dir=\"auto\">bietet jeder Sessel die perfekte Balance zwischen Stil und Komfort.<\/span><\/p>\t\t\t\t\t\t\t\t<\/div>\n\t\t\t\t\t<\/div>\n\t\t\t\t<\/div>\n\t\t<div class=\"elementor-element elementor-element-1fcd331 e-flex e-con-boxed e-con e-parent\" data-id=\"1fcd331\" data-element_type=\"container\" data-e-type=\"container\" data-settings=\"{&quot;background_background&quot;:&quot;classic&quot;}\">\n\t\t\t\t\t<div class=\"e-con-inner\">\n\t\t\t\t<div class=\"elementor-element elementor-element-ed2932c elementor-widget elementor-widget-heading\" data-id=\"ed2932c\" data-element_type=\"widget\" data-e-type=\"widget\" data-widget_type=\"heading.default\">\n\t\t\t\t\t<h2 class=\"elementor-heading-title elementor-size-default\">Sessel entdecken<\/h2>\t\t\t\t<\/div>\n\t\t\t\t<div class=\"elementor-element elementor-element-8b01550 elementor-widget elementor-widget-text-editor\" data-id=\"8b01550\" data-element_type=\"widget\" data-e-type=\"widget\" data-widget_type=\"text-editor.default\">\n\t\t\t\t\t\t\t\t\t<h4 data-start=\"1458\" data-end=\"1482\"><span dir=\"auto\">Sesselkollektion<\/span><\/h4><p data-start=\"1483\" data-end=\"1736\"><span dir=\"auto\">Entdecken Sie elegante Sessel, die Komfort und zeitlose Sch\u00f6nheit vereinen. <\/span><span dir=\"auto\">Von modernen Lounge-Sesseln bis hin zu klassischen Lesesesseln <\/span><span dir=\"auto\">bietet unsere Kollektion stilvolle Sitzl\u00f6sungen f\u00fcr jedes Interieur. <\/span><span dir=\"auto\">Schaffen Sie sich eine gem\u00fctliche Ecke, die Ihren pers\u00f6nlichen Stil widerspiegelt.<\/span><\/p>\t\t\t\t\t\t\t\t<\/div>\n\t\t\t\t\t<\/div>\n\t\t\t\t<\/div>\n\t\t<div class=\"elementor-element elementor-element-93ec628 e-flex e-con-boxed e-con e-parent\" data-id=\"93ec628\" data-element_type=\"container\" data-e-type=\"container\" data-settings=\"{&quot;background_background&quot;:&quot;classic&quot;}\">\n\t\t\t\t\t<div class=\"e-con-inner\">\n\t\t<div class=\"elementor-element elementor-element-1109885 e-grid e-con-full e-con e-child\" data-id=\"1109885\" data-element_type=\"container\" data-e-type=\"container\">\n\t\t<div class=\"elementor-element elementor-element-a0bb06f e-con-full e-flex e-con e-child\" data-id=\"a0bb06f\" data-element_type=\"container\" data-e-type=\"container\">\n\t\t\t\t<div class=\"elementor-element elementor-element-fea2b72 elementor-widget elementor-widget-image\" data-id=\"fea2b72\" data-element_type=\"widget\" data-e-type=\"widget\" data-widget_type=\"image.default\">\n\t\t\t\t\t\t\t\t\t\t\t\t\t\t\t<img fetchpriority=\"high\" decoding=\"async\" width=\"1024\" height=\"1024\" src=\"https:\/\/weibelmoebel-preview.ch\/wp-content\/uploads\/2026\/03\/interieur-arbeiten.jpg\" class=\"attachment-full size-full wp-image-3127\" alt=\"\" srcset=\"https:\/\/weibelmoebel-preview.ch\/wp-content\/uploads\/2026\/03\/interieur-arbeiten.jpg 1024w, https:\/\/weibelmoebel-preview.ch\/wp-content\/uploads\/2026\/03\/interieur-arbeiten-300x300.jpg 300w, https:\/\/weibelmoebel-preview.ch\/wp-content\/uploads\/2026\/03\/interieur-arbeiten-150x150.jpg 150w, https:\/\/weibelmoebel-preview.ch\/wp-content\/uploads\/2026\/03\/interieur-arbeiten-768x768.jpg 768w, https:\/\/weibelmoebel-preview.ch\/wp-content\/uploads\/2026\/03\/interieur-arbeiten-12x12.jpg 12w, https:\/\/weibelmoebel-preview.ch\/wp-content\/uploads\/2026\/03\/interieur-arbeiten-600x600.jpg 600w, https:\/\/weibelmoebel-preview.ch\/wp-content\/uploads\/2026\/03\/interieur-arbeiten-100x100.jpg 100w, https:\/\/weibelmoebel-preview.ch\/wp-content\/uploads\/2026\/03\/interieur-arbeiten-64x64.jpg 64w, https:\/\/weibelmoebel-preview.ch\/wp-content\/uploads\/2026\/03\/elementor\/thumbs\/interieur-arbeiten-rjzvhcdr252ilef8uc4pil21pse0p5xxzr1lwhj1dw.jpg 314w\" sizes=\"(max-width: 1024px) 100vw, 1024px\" \/>\t\t\t\t\t\t\t\t\t\t\t\t\t\t\t<\/div>\n\t\t\t\t<\/div>\n\t\t<div class=\"elementor-element elementor-element-47c220f e-con-full e-flex e-con e-child\" data-id=\"47c220f\" data-element_type=\"container\" data-e-type=\"container\">\n\t\t\t\t<div class=\"elementor-element elementor-element-2a81dcb elementor-widget elementor-widget-image\" data-id=\"2a81dcb\" data-element_type=\"widget\" data-e-type=\"widget\" data-widget_type=\"image.default\">\n\t\t\t\t\t\t\t\t\t\t\t\t\t\t\t<img decoding=\"async\" width=\"1024\" height=\"1024\" src=\"https:\/\/weibelmoebel-preview.ch\/wp-content\/uploads\/2026\/03\/Untitled-design-4-7.png\" class=\"attachment-full size-full wp-image-5876\" alt=\"\" srcset=\"https:\/\/weibelmoebel-preview.ch\/wp-content\/uploads\/2026\/03\/Untitled-design-4-7.png 1024w, https:\/\/weibelmoebel-preview.ch\/wp-content\/uploads\/2026\/03\/Untitled-design-4-7-300x300.png 300w, https:\/\/weibelmoebel-preview.ch\/wp-content\/uploads\/2026\/03\/Untitled-design-4-7-150x150.png 150w, https:\/\/weibelmoebel-preview.ch\/wp-content\/uploads\/2026\/03\/Untitled-design-4-7-768x768.png 768w, https:\/\/weibelmoebel-preview.ch\/wp-content\/uploads\/2026\/03\/Untitled-design-4-7-12x12.png 12w, https:\/\/weibelmoebel-preview.ch\/wp-content\/uploads\/2026\/03\/Untitled-design-4-7-600x600.png 600w, https:\/\/weibelmoebel-preview.ch\/wp-content\/uploads\/2026\/03\/Untitled-design-4-7-100x100.png 100w, https:\/\/weibelmoebel-preview.ch\/wp-content\/uploads\/2026\/03\/Untitled-design-4-7-64x64.png 64w\" sizes=\"(max-width: 1024px) 100vw, 1024px\" \/>\t\t\t\t\t\t\t\t\t\t\t\t\t\t\t<\/div>\n\t\t\t\t<\/div>\n\t\t<div class=\"elementor-element elementor-element-edc762d e-con-full e-flex e-con e-child\" data-id=\"edc762d\" data-element_type=\"container\" data-e-type=\"container\">\n\t\t\t\t<div class=\"elementor-element elementor-element-58a23b1 elementor-widget elementor-widget-image\" data-id=\"58a23b1\" data-element_type=\"widget\" data-e-type=\"widget\" data-widget_type=\"image.default\">\n\t\t\t\t\t\t\t\t\t\t\t\t\t\t\t<img decoding=\"async\" src=\"https:\/\/weibelmoebel-preview.ch\/wp-content\/uploads\/elementor\/thumbs\/images-rkjivxa0wbtew8ujybn0bxc0824jw04g6jg6j1p934.jpg\" title=\"images\" alt=\"images\" loading=\"lazy\" \/>\t\t\t\t\t\t\t\t\t\t\t\t\t\t\t<\/div>\n\t\t\t\t<\/div>\n\t\t<div class=\"elementor-element elementor-element-1087d6c e-con-full e-flex e-con e-child\" data-id=\"1087d6c\" data-element_type=\"container\" data-e-type=\"container\">\n\t\t\t\t<div class=\"elementor-element elementor-element-e325837 elementor-widget elementor-widget-image\" data-id=\"e325837\" data-element_type=\"widget\" data-e-type=\"widget\" data-widget_type=\"image.default\">\n\t\t\t\t\t\t\t\t\t\t\t\t\t\t\t<img decoding=\"async\" width=\"1024\" height=\"1024\" src=\"https:\/\/weibelmoebel-preview.ch\/wp-content\/uploads\/2026\/03\/Untitled-design-3-7.png\" class=\"attachment-full size-full wp-image-5877\" alt=\"\" srcset=\"https:\/\/weibelmoebel-preview.ch\/wp-content\/uploads\/2026\/03\/Untitled-design-3-7.png 1024w, https:\/\/weibelmoebel-preview.ch\/wp-content\/uploads\/2026\/03\/Untitled-design-3-7-300x300.png 300w, https:\/\/weibelmoebel-preview.ch\/wp-content\/uploads\/2026\/03\/Untitled-design-3-7-150x150.png 150w, https:\/\/weibelmoebel-preview.ch\/wp-content\/uploads\/2026\/03\/Untitled-design-3-7-768x768.png 768w, https:\/\/weibelmoebel-preview.ch\/wp-content\/uploads\/2026\/03\/Untitled-design-3-7-12x12.png 12w, https:\/\/weibelmoebel-preview.ch\/wp-content\/uploads\/2026\/03\/Untitled-design-3-7-600x600.png 600w, https:\/\/weibelmoebel-preview.ch\/wp-content\/uploads\/2026\/03\/Untitled-design-3-7-100x100.png 100w, https:\/\/weibelmoebel-preview.ch\/wp-content\/uploads\/2026\/03\/Untitled-design-3-7-64x64.png 64w, https:\/\/weibelmoebel-preview.ch\/wp-content\/uploads\/2026\/03\/elementor\/thumbs\/Untitled-design-3-7-rko4z5cszuxa31owhdj7rl7z6dagmu89wybb168uo0.png 800w\" sizes=\"(max-width: 1024px) 100vw, 1024px\" \/>\t\t\t\t\t\t\t\t\t\t\t\t\t\t\t<\/div>\n\t\t\t\t<\/div>\n\t\t\t\t<\/div>\n\t\t\t\t\t<\/div>\n\t\t\t\t<\/div>\n\t\t\t\t<\/div>","protected":false},"excerpt":{"rendered":"<p>Sessel Ein Sessel verleiht Ihrem Wohnraum Komfort und Pers\u00f6nlichkeit. Unsere Kollektion umfasst sorgf\u00e4ltig ausgew\u00e4hlte St\u00fccke, die Design und Entspannung vereinen. [&hellip;]<\/p>\n","protected":false},"author":3,"featured_media":0,"parent":0,"menu_order":0,"comment_status":"closed","ping_status":"open","template":"elementor_header_footer","meta":{"_acf_changed":false,"site-sidebar-layout":"no-sidebar","site-content-layout":"","ast-site-content-layout":"full-width-container","site-content-style":"default","site-sidebar-style":"default","ast-global-header-display":"","ast-banner-title-visibility":"","ast-main-header-display":"","ast-hfb-above-header-display":"","ast-hfb-below-header-display":"","ast-hfb-mobile-header-display":"","site-post-title":"","ast-breadcrumbs-content":"","ast-featured-img":"disabled","footer-sml-layout":"","ast-disable-related-posts":"","theme-transparent-header-meta":"default","adv-header-id-meta":"","stick-header-meta":"","header-above-stick-meta":"","header-main-stick-meta":"","header-below-stick-meta":"","astra-migrate-meta-layouts":"set","ast-page-background-enabled":"default","ast-page-background-meta":{"desktop":{"background-color":"var(--ast-global-color-5)","background-image":"","background-repeat":"repeat","background-position":"center center","background-size":"auto","background-attachment":"scroll","background-type":"","background-media":"","overlay-type":"","overlay-color":"","overlay-opacity":"","overlay-gradient":""},"tablet":{"background-color":"","background-image":"","background-repeat":"repeat","background-position":"center center","background-size":"auto","background-attachment":"scroll","background-type":"","background-media":"","overlay-type":"","overlay-color":"","overlay-opacity":"","overlay-gradient":""},"mobile":{"background-color":"","background-image":"","background-repeat":"repeat","background-position":"center center","background-size":"auto","background-attachment":"scroll","background-type":"","background-media":"","overlay-type":"","overlay-color":"","overlay-opacity":"","overlay-gradient":""}},"ast-content-background-meta":{"desktop":{"background-color":"var(--ast-global-color-4)","background-image":"","background-repeat":"repeat","background-position":"center center","background-size":"auto","background-attachment":"scroll","background-type":"","background-media":"","overlay-type":"","overlay-color":"","overlay-opacity":"","overlay-gradient":""},"tablet":{"background-color":"var(--ast-global-color-4)","background-image":"","background-repeat":"repeat","background-position":"center center","background-size":"auto","background-attachment":"scroll","background-type":"","background-media":"","overlay-type":"","overlay-color":"","overlay-opacity":"","overlay-gradient":""},"mobile":{"background-color":"var(--ast-global-color-4)","background-image":"","background-repeat":"repeat","background-position":"center center","background-size":"auto","background-attachment":"scroll","background-type":"","background-media":"","overlay-type":"","overlay-color":"","overlay-opacity":"","overlay-gradient":""}},"footnotes":""},"class_list":["post-5692","page","type-page","status-publish","hentry"],"acf":[],"_links":{"self":[{"href":"https:\/\/weibelmoebel-preview.ch\/en\/wp-json\/wp\/v2\/pages\/5692","targetHints":{"allow":["GET"]}}],"collection":[{"href":"https:\/\/weibelmoebel-preview.ch\/en\/wp-json\/wp\/v2\/pages"}],"about":[{"href":"https:\/\/weibelmoebel-preview.ch\/en\/wp-json\/wp\/v2\/types\/page"}],"author":[{"embeddable":true,"href":"https:\/\/weibelmoebel-preview.ch\/en\/wp-json\/wp\/v2\/users\/3"}],"replies":[{"embeddable":true,"href":"https:\/\/weibelmoebel-preview.ch\/en\/wp-json\/wp\/v2\/comments?post=5692"}],"version-history":[{"count":25,"href":"https:\/\/weibelmoebel-preview.ch\/en\/wp-json\/wp\/v2\/pages\/5692\/revisions"}],"predecessor-version":[{"id":5895,"href":"https:\/\/weibelmoebel-preview.ch\/en\/wp-json\/wp\/v2\/pages\/5692\/revisions\/5895"}],"wp:attachment":[{"href":"https:\/\/weibelmoebel-preview.ch\/en\/wp-json\/wp\/v2\/media?parent=5692"}],"curies":[{"name":"wp","href":"https:\/\/api.w.org\/{rel}","templated":true}]}}