{"id":5697,"date":"2026-03-15T11:04:40","date_gmt":"2026-03-15T11:04:40","guid":{"rendered":"https:\/\/newerzengelmg.r2ait.in\/?page_id=5697"},"modified":"2026-03-18T02:55:51","modified_gmt":"2026-03-18T02:55:51","slug":"sideboards","status":"publish","type":"page","link":"https:\/\/weibelmoebel-preview.ch\/en\/sideboards\/","title":{"rendered":"Sideboards"},"content":{"rendered":"<div data-elementor-type=\"wp-page\" data-elementor-id=\"5697\" class=\"elementor elementor-5697\" data-elementor-post-type=\"page\">\n\t\t\t\t<div class=\"elementor-element elementor-element-b4d5ef7 e-flex e-con-boxed e-con e-parent\" data-id=\"b4d5ef7\" data-element_type=\"container\" data-e-type=\"container\" data-settings=\"{&quot;background_background&quot;:&quot;classic&quot;}\">\n\t\t\t\t\t<div class=\"e-con-inner\">\n\t\t<div class=\"elementor-element elementor-element-13a819c e-con-full e-flex e-con e-child\" data-id=\"13a819c\" data-element_type=\"container\" data-e-type=\"container\">\n\t\t\t\t<div class=\"elementor-element elementor-element-741c6e2 elementor-widget elementor-widget-heading\" data-id=\"741c6e2\" data-element_type=\"widget\" data-e-type=\"widget\" data-widget_type=\"heading.default\">\n\t\t\t\t\t<h2 class=\"elementor-heading-title elementor-size-default\">Sideboards <\/h2>\t\t\t\t<\/div>\n\t\t\t\t<\/div>\n\t\t\t\t\t<\/div>\n\t\t\t\t<\/div>\n\t\t<div class=\"elementor-element elementor-element-8a045b5 e-flex e-con-boxed e-con e-parent\" data-id=\"8a045b5\" data-element_type=\"container\" data-e-type=\"container\" data-settings=\"{&quot;background_background&quot;:&quot;classic&quot;}\">\n\t\t\t\t\t<div class=\"e-con-inner\">\n\t\t\t\t<div class=\"elementor-element elementor-element-87c0a6c elementor-widget elementor-widget-text-editor\" data-id=\"87c0a6c\" data-element_type=\"widget\" data-e-type=\"widget\" data-widget_type=\"text-editor.default\">\n\t\t\t\t\t\t\t\t\t<p><span dir=\"auto\">Sideboards vereinen praktischen Stauraum mit elegantem Design. <\/span><br data-start=\"1879\" data-end=\"1882\" \/><span dir=\"auto\">Unsere sorgf\u00e4ltig ausgew\u00e4hlten Modelle bieten sowohl Funktionalit\u00e4t als auch Stil. <\/span><br data-start=\"1947\" data-end=\"1950\" \/><span dir=\"auto\">Gefertigt aus hochwertigen Materialien mit edlen Oberfl\u00e4chen, <\/span><br data-start=\"2003\" data-end=\"2006\" \/><span dir=\"auto\">werten sie Ihre Einrichtung auf und sorgen gleichzeitig f\u00fcr Ordnung.<\/span><\/p>\t\t\t\t\t\t\t\t<\/div>\n\t\t\t\t\t<\/div>\n\t\t\t\t<\/div>\n\t\t<div class=\"elementor-element elementor-element-1fcd331 e-flex e-con-boxed e-con e-parent\" data-id=\"1fcd331\" data-element_type=\"container\" data-e-type=\"container\" data-settings=\"{&quot;background_background&quot;:&quot;classic&quot;}\">\n\t\t\t\t\t<div class=\"e-con-inner\">\n\t\t\t\t<div class=\"elementor-element elementor-element-ed2932c elementor-widget elementor-widget-heading\" data-id=\"ed2932c\" data-element_type=\"widget\" data-e-type=\"widget\" data-widget_type=\"heading.default\">\n\t\t\t\t\t<h2 class=\"elementor-heading-title elementor-size-default\">Sideboards entdecken<\/h2>\t\t\t\t<\/div>\n\t\t\t\t<div class=\"elementor-element elementor-element-8b01550 elementor-widget elementor-widget-text-editor\" data-id=\"8b01550\" data-element_type=\"widget\" data-e-type=\"widget\" data-widget_type=\"text-editor.default\">\n\t\t\t\t\t\t\t\t\t<h4 data-start=\"2099\" data-end=\"2125\"><span dir=\"auto\">Sideboard-Kollektion<\/span><\/h4><p data-start=\"2126\" data-end=\"2399\"><span dir=\"auto\">Unsere Sideboards bieten stilvolle Aufbewahrungsl\u00f6sungen f\u00fcr moderne Wohnr\u00e4ume. <\/span><span dir=\"auto\">Mit ihrem klaren Design und der hochwertigen Verarbeitung <\/span><br data-start=\"2260\" data-end=\"2263\" \/><span dir=\"auto\">verleihen sie Esszimmern, Wohnzimmern oder Fluren eine elegante Note. <\/span><span dir=\"auto\">Entdecken Sie zeitlose M\u00f6bel, die Sch\u00f6nheit und Funktionalit\u00e4t vereinen.<\/span><\/p>\t\t\t\t\t\t\t\t<\/div>\n\t\t\t\t\t<\/div>\n\t\t\t\t<\/div>\n\t\t<div class=\"elementor-element elementor-element-93c231c e-flex e-con-boxed e-con e-parent\" data-id=\"93c231c\" data-element_type=\"container\" data-e-type=\"container\" data-settings=\"{&quot;background_background&quot;:&quot;classic&quot;}\">\n\t\t\t\t\t<div class=\"e-con-inner\">\n\t\t<div class=\"elementor-element elementor-element-c9d7148 e-grid e-con-full e-con e-child\" data-id=\"c9d7148\" data-element_type=\"container\" data-e-type=\"container\">\n\t\t<div class=\"elementor-element elementor-element-c64aaad e-con-full e-flex e-con e-child\" data-id=\"c64aaad\" data-element_type=\"container\" data-e-type=\"container\">\n\t\t\t\t<div class=\"elementor-element elementor-element-d9079b7 elementor-widget elementor-widget-image\" data-id=\"d9079b7\" data-element_type=\"widget\" data-e-type=\"widget\" data-widget_type=\"image.default\">\n\t\t\t\t\t\t\t\t\t\t\t\t\t\t\t<img fetchpriority=\"high\" decoding=\"async\" width=\"1024\" height=\"1024\" src=\"https:\/\/weibelmoebel-preview.ch\/wp-content\/uploads\/2026\/03\/Untitled-design-8-4.png\" class=\"attachment-full size-full wp-image-5900\" alt=\"\" srcset=\"https:\/\/weibelmoebel-preview.ch\/wp-content\/uploads\/2026\/03\/Untitled-design-8-4.png 1024w, https:\/\/weibelmoebel-preview.ch\/wp-content\/uploads\/2026\/03\/Untitled-design-8-4-300x300.png 300w, https:\/\/weibelmoebel-preview.ch\/wp-content\/uploads\/2026\/03\/Untitled-design-8-4-150x150.png 150w, https:\/\/weibelmoebel-preview.ch\/wp-content\/uploads\/2026\/03\/Untitled-design-8-4-768x768.png 768w, https:\/\/weibelmoebel-preview.ch\/wp-content\/uploads\/2026\/03\/Untitled-design-8-4-12x12.png 12w, https:\/\/weibelmoebel-preview.ch\/wp-content\/uploads\/2026\/03\/Untitled-design-8-4-600x600.png 600w, https:\/\/weibelmoebel-preview.ch\/wp-content\/uploads\/2026\/03\/Untitled-design-8-4-100x100.png 100w, https:\/\/weibelmoebel-preview.ch\/wp-content\/uploads\/2026\/03\/Untitled-design-8-4-64x64.png 64w\" sizes=\"(max-width: 1024px) 100vw, 1024px\" \/>\t\t\t\t\t\t\t\t\t\t\t\t\t\t\t<\/div>\n\t\t\t\t<\/div>\n\t\t<div class=\"elementor-element elementor-element-a046dda e-con-full e-flex e-con e-child\" data-id=\"a046dda\" data-element_type=\"container\" data-e-type=\"container\">\n\t\t\t\t<div class=\"elementor-element elementor-element-2c1932b elementor-widget elementor-widget-image\" data-id=\"2c1932b\" data-element_type=\"widget\" data-e-type=\"widget\" data-widget_type=\"image.default\">\n\t\t\t\t\t\t\t\t\t\t\t\t\t\t\t<img decoding=\"async\" width=\"1024\" height=\"1024\" src=\"https:\/\/weibelmoebel-preview.ch\/wp-content\/uploads\/2026\/03\/Untitled-design-7-3.png\" class=\"attachment-full size-full wp-image-5901\" alt=\"\" srcset=\"https:\/\/weibelmoebel-preview.ch\/wp-content\/uploads\/2026\/03\/Untitled-design-7-3.png 1024w, https:\/\/weibelmoebel-preview.ch\/wp-content\/uploads\/2026\/03\/Untitled-design-7-3-300x300.png 300w, https:\/\/weibelmoebel-preview.ch\/wp-content\/uploads\/2026\/03\/Untitled-design-7-3-150x150.png 150w, https:\/\/weibelmoebel-preview.ch\/wp-content\/uploads\/2026\/03\/Untitled-design-7-3-768x768.png 768w, https:\/\/weibelmoebel-preview.ch\/wp-content\/uploads\/2026\/03\/Untitled-design-7-3-12x12.png 12w, https:\/\/weibelmoebel-preview.ch\/wp-content\/uploads\/2026\/03\/Untitled-design-7-3-600x600.png 600w, https:\/\/weibelmoebel-preview.ch\/wp-content\/uploads\/2026\/03\/Untitled-design-7-3-100x100.png 100w, https:\/\/weibelmoebel-preview.ch\/wp-content\/uploads\/2026\/03\/Untitled-design-7-3-64x64.png 64w\" sizes=\"(max-width: 1024px) 100vw, 1024px\" \/>\t\t\t\t\t\t\t\t\t\t\t\t\t\t\t<\/div>\n\t\t\t\t<\/div>\n\t\t<div class=\"elementor-element elementor-element-0f7e070 e-con-full e-flex e-con e-child\" data-id=\"0f7e070\" data-element_type=\"container\" data-e-type=\"container\">\n\t\t\t\t<div class=\"elementor-element elementor-element-c9359ff elementor-widget elementor-widget-image\" data-id=\"c9359ff\" data-element_type=\"widget\" data-e-type=\"widget\" data-widget_type=\"image.default\">\n\t\t\t\t\t\t\t\t\t\t\t\t\t\t\t<img decoding=\"async\" width=\"1024\" height=\"1024\" src=\"https:\/\/weibelmoebel-preview.ch\/wp-content\/uploads\/2026\/03\/Untitled-design-6-5.png\" class=\"attachment-full size-full wp-image-5902\" alt=\"\" srcset=\"https:\/\/weibelmoebel-preview.ch\/wp-content\/uploads\/2026\/03\/Untitled-design-6-5.png 1024w, https:\/\/weibelmoebel-preview.ch\/wp-content\/uploads\/2026\/03\/Untitled-design-6-5-300x300.png 300w, https:\/\/weibelmoebel-preview.ch\/wp-content\/uploads\/2026\/03\/Untitled-design-6-5-150x150.png 150w, https:\/\/weibelmoebel-preview.ch\/wp-content\/uploads\/2026\/03\/Untitled-design-6-5-768x768.png 768w, https:\/\/weibelmoebel-preview.ch\/wp-content\/uploads\/2026\/03\/Untitled-design-6-5-12x12.png 12w, https:\/\/weibelmoebel-preview.ch\/wp-content\/uploads\/2026\/03\/Untitled-design-6-5-600x600.png 600w, https:\/\/weibelmoebel-preview.ch\/wp-content\/uploads\/2026\/03\/Untitled-design-6-5-100x100.png 100w, https:\/\/weibelmoebel-preview.ch\/wp-content\/uploads\/2026\/03\/Untitled-design-6-5-64x64.png 64w, https:\/\/weibelmoebel-preview.ch\/wp-content\/uploads\/2026\/03\/elementor\/thumbs\/Untitled-design-6-5-rko5b1z7kb8158eayit3cl2622lu4thvjvspvclbuo.png 800w\" sizes=\"(max-width: 1024px) 100vw, 1024px\" \/>\t\t\t\t\t\t\t\t\t\t\t\t\t\t\t<\/div>\n\t\t\t\t<\/div>\n\t\t<div class=\"elementor-element elementor-element-c4ed94c e-con-full e-flex e-con e-child\" data-id=\"c4ed94c\" data-element_type=\"container\" data-e-type=\"container\">\n\t\t\t\t<div class=\"elementor-element elementor-element-e4ecd92 elementor-widget elementor-widget-image\" data-id=\"e4ecd92\" data-element_type=\"widget\" data-e-type=\"widget\" data-widget_type=\"image.default\">\n\t\t\t\t\t\t\t\t\t\t\t\t\t\t\t<img loading=\"lazy\" decoding=\"async\" width=\"1024\" height=\"1024\" src=\"https:\/\/weibelmoebel-preview.ch\/wp-content\/uploads\/2026\/03\/Untitled-design-5-4.png\" class=\"attachment-full size-full wp-image-5896\" alt=\"\" srcset=\"https:\/\/weibelmoebel-preview.ch\/wp-content\/uploads\/2026\/03\/Untitled-design-5-4.png 1024w, https:\/\/weibelmoebel-preview.ch\/wp-content\/uploads\/2026\/03\/Untitled-design-5-4-300x300.png 300w, https:\/\/weibelmoebel-preview.ch\/wp-content\/uploads\/2026\/03\/Untitled-design-5-4-150x150.png 150w, https:\/\/weibelmoebel-preview.ch\/wp-content\/uploads\/2026\/03\/Untitled-design-5-4-768x768.png 768w, https:\/\/weibelmoebel-preview.ch\/wp-content\/uploads\/2026\/03\/Untitled-design-5-4-12x12.png 12w, https:\/\/weibelmoebel-preview.ch\/wp-content\/uploads\/2026\/03\/Untitled-design-5-4-600x600.png 600w, https:\/\/weibelmoebel-preview.ch\/wp-content\/uploads\/2026\/03\/Untitled-design-5-4-100x100.png 100w, https:\/\/weibelmoebel-preview.ch\/wp-content\/uploads\/2026\/03\/Untitled-design-5-4-64x64.png 64w, https:\/\/weibelmoebel-preview.ch\/wp-content\/uploads\/2026\/03\/elementor\/thumbs\/Untitled-design-5-4-rko56yejrbm0igcnw90nz4asskt7kc80nldhiwo4zk.png 800w\" sizes=\"(max-width: 1024px) 100vw, 1024px\" \/>\t\t\t\t\t\t\t\t\t\t\t\t\t\t\t<\/div>\n\t\t\t\t<\/div>\n\t\t\t\t<\/div>\n\t\t\t\t\t<\/div>\n\t\t\t\t<\/div>\n\t\t\t\t<\/div>","protected":false},"excerpt":{"rendered":"<p>Sideboards Sideboards vereinen praktischen Stauraum mit elegantem Design. Unsere sorgf\u00e4ltig ausgew\u00e4hlten Modelle bieten sowohl Funktionalit\u00e4t als auch Stil. Gefertigt aus [&hellip;]<\/p>\n","protected":false},"author":3,"featured_media":0,"parent":0,"menu_order":0,"comment_status":"closed","ping_status":"open","template":"elementor_header_footer","meta":{"_acf_changed":false,"site-sidebar-layout":"no-sidebar","site-content-layout":"","ast-site-content-layout":"full-width-container","site-content-style":"default","site-sidebar-style":"default","ast-global-header-display":"","ast-banner-title-visibility":"","ast-main-header-display":"","ast-hfb-above-header-display":"","ast-hfb-below-header-display":"","ast-hfb-mobile-header-display":"","site-post-title":"","ast-breadcrumbs-content":"","ast-featured-img":"disabled","footer-sml-layout":"","ast-disable-related-posts":"","theme-transparent-header-meta":"default","adv-header-id-meta":"","stick-header-meta":"","header-above-stick-meta":"","header-main-stick-meta":"","header-below-stick-meta":"","astra-migrate-meta-layouts":"set","ast-page-background-enabled":"default","ast-page-background-meta":{"desktop":{"background-color":"var(--ast-global-color-5)","background-image":"","background-repeat":"repeat","background-position":"center center","background-size":"auto","background-attachment":"scroll","background-type":"","background-media":"","overlay-type":"","overlay-color":"","overlay-opacity":"","overlay-gradient":""},"tablet":{"background-color":"","background-image":"","background-repeat":"repeat","background-position":"center center","background-size":"auto","background-attachment":"scroll","background-type":"","background-media":"","overlay-type":"","overlay-color":"","overlay-opacity":"","overlay-gradient":""},"mobile":{"background-color":"","background-image":"","background-repeat":"repeat","background-position":"center center","background-size":"auto","background-attachment":"scroll","background-type":"","background-media":"","overlay-type":"","overlay-color":"","overlay-opacity":"","overlay-gradient":""}},"ast-content-background-meta":{"desktop":{"background-color":"var(--ast-global-color-4)","background-image":"","background-repeat":"repeat","background-position":"center center","background-size":"auto","background-attachment":"scroll","background-type":"","background-media":"","overlay-type":"","overlay-color":"","overlay-opacity":"","overlay-gradient":""},"tablet":{"background-color":"var(--ast-global-color-4)","background-image":"","background-repeat":"repeat","background-position":"center center","background-size":"auto","background-attachment":"scroll","background-type":"","background-media":"","overlay-type":"","overlay-color":"","overlay-opacity":"","overlay-gradient":""},"mobile":{"background-color":"var(--ast-global-color-4)","background-image":"","background-repeat":"repeat","background-position":"center center","background-size":"auto","background-attachment":"scroll","background-type":"","background-media":"","overlay-type":"","overlay-color":"","overlay-opacity":"","overlay-gradient":""}},"footnotes":""},"class_list":["post-5697","page","type-page","status-publish","hentry"],"acf":[],"_links":{"self":[{"href":"https:\/\/weibelmoebel-preview.ch\/en\/wp-json\/wp\/v2\/pages\/5697","targetHints":{"allow":["GET"]}}],"collection":[{"href":"https:\/\/weibelmoebel-preview.ch\/en\/wp-json\/wp\/v2\/pages"}],"about":[{"href":"https:\/\/weibelmoebel-preview.ch\/en\/wp-json\/wp\/v2\/types\/page"}],"author":[{"embeddable":true,"href":"https:\/\/weibelmoebel-preview.ch\/en\/wp-json\/wp\/v2\/users\/3"}],"replies":[{"embeddable":true,"href":"https:\/\/weibelmoebel-preview.ch\/en\/wp-json\/wp\/v2\/comments?post=5697"}],"version-history":[{"count":19,"href":"https:\/\/weibelmoebel-preview.ch\/en\/wp-json\/wp\/v2\/pages\/5697\/revisions"}],"predecessor-version":[{"id":5908,"href":"https:\/\/weibelmoebel-preview.ch\/en\/wp-json\/wp\/v2\/pages\/5697\/revisions\/5908"}],"wp:attachment":[{"href":"https:\/\/weibelmoebel-preview.ch\/en\/wp-json\/wp\/v2\/media?parent=5697"}],"curies":[{"name":"wp","href":"https:\/\/api.w.org\/{rel}","templated":true}]}}